{"id":50,"date":"2015-08-24T11:10:45","date_gmt":"2015-08-24T08:10:45","guid":{"rendered":"http:\/\/localhost\/zippole\/?page_id=50"},"modified":"2020-05-08T17:36:10","modified_gmt":"2020-05-08T14:36:10","slug":"company","status":"publish","type":"page","link":"https:\/\/zippole.com\/pl\/company","title":{"rendered":""},"content":{"rendered":"<p style=\"text-align: justify;\">Pracownicy Safety Product to zesp\u00f3\u0142 r\u00f3\u017cnych osobowo\u015bci, kt\u00f3re pragn\u0105 wsp\u00f3lnie tworzy\u0107 nowe, wysokiej jako\u015bci produkty, \u0142\u0105cz\u0105ce w sobie najnowsze technologie, op\u0142acalno\u015b\u0107 i etyczne rozwi\u0105zania, odpowiadaj\u0105ce na potrzeby rynkowe i jednocze\u015bnie przyjazne dla \u015brodowiska.<\/p>\n<p style=\"text-align: justify;\">Firma Safety Product wprowadza na rynek ZIPpole \u2013 s\u0142up o\u015bwietleniowy, kt\u00f3ry opr\u00f3cz innych zalet, wyr\u00f3\u017cnia si\u0119 w\u0142a\u015bciwo\u015bciami bezpiecze\u0144stwa biernego.<br \/>\nKieruj\u0105c si\u0119 innowacyjno\u015bci\u0105, uda\u0142o nam si\u0119 przeprojektowa\u0107 powszechnie stosowany produkt tak, aby idealnie nadawa\u0142 si\u0119 do eksploatacji we wsp\u00f3\u0142czesnym \u015bwiecie, w kt\u00f3rym rosn\u0105ce nat\u0119\u017cenie ruchu samochodowego na drogach z coraz wi\u0119ksz\u0105 liczb\u0105 u\u017cytkownik\u00f3w cz\u0119sto skutkuje negatywnymi konsekwencjami.<\/p>\n<p style=\"text-align: center;\"><a href=\"http:\/\/zippole.com\/wp-content\/uploads\/2015\/09\/Productie1-kl-e1441113918153.png\"><img loading=\"lazy\" decoding=\"async\" class=\"alignnone size-medium wp-image-340\" src=\"http:\/\/zippole.com\/wp-content\/uploads\/2015\/09\/Productie1-kl-300x186.png\" alt=\"\" width=\"300\" height=\"186\" \/><\/a><\/p>\n<p><strong>Postawili\u015bmy sobie nast\u0119puj\u0105ce cele:<\/strong><\/p>\n<p><strong>Zaprojektowanie <\/strong>estetycznych system\u00f3w o\u015bwietlenia drogowego do r\u00f3\u017cnorodnych zastosowa\u0144.<\/p>\n<p><strong>Skonstruowanie s\u0142upa o\u015bwietleniowego <\/strong>\u2013 ale bezpiecznego. Kierowca, kt\u00f3ry wskutek b\u0142\u0119du podczas jazdy uderzy w s\u0142up, nie powinien doznawa\u0107 obra\u017ce\u0144 cia\u0142a.<\/p>\n<p><strong>Stworzenie produktu<\/strong> <strong>bardziej przyjaznego \u015brodowisku<\/strong>, charakteryzuj\u0105cego si\u0119 ograniczonym \u015bladem w\u0119glowym.<\/p>\n<p><strong>Zbudowanie automatycznej linii produkcyjnej<\/strong>, umo\u017cliwiaj\u0105cej osi\u0105gni\u0119cie du\u017cego wolumenu produkcji i oferowanie rozs\u0105dnych cen.\u00a0Firma Safety Product osi\u0105gn\u0119\u0142a te cele wprowadzaj\u0105c na rynek s\u0142up ZIPpole. Zrealizowana inwestycja automatycznej linii produkcyjnej w Belgii pozwala na produkcj\u0119 90\u00a0000 s\u0142up\u00f3w ZIPpole rocznie.<\/p>\n<h2 class=\"art-postheader\"><\/h2>\n<h2 class=\"art-postheader\">Ludzie &#8211; Planeta &#8211; Zysk<\/h2>\n<div class=\"art-postcontent\">\n<div class=\"art-article\">\n<p dir=\"ltr\"><strong><span style=\"font-family: Arial; font-size: large;\"><span lang=\"EN\">L<\/span><\/span><span style=\"font-family: Arial; font-size: large;\"><span lang=\"EN\">udzie<\/span><\/span><\/strong><span lang=\"EN\"><span style=\"font-family: Arial; font-size: small;\">: <\/span><\/span><br \/>\nS\u0142up stalowy ZIPpole z cechami bezpiecze\u0144stwa biernego ugina si\u0119 przy zderzeniu. Redukuje pr\u0119dko\u015b\u0107 pojazdu poprzez przej\u0119cie ukrytej energii zagra\u017caj\u0105cej osobom podr\u00f3\u017cuj\u0105cym w samochodzie. Ryzyko obra\u017ce\u0144 cia\u0142a lub \u015bmierci zostaje w znacznym stopniu zredukowane.<\/p>\n<p dir=\"ltr\" align=\"justify\">\u00a0<b><span style=\"font-family: Arial; font-size: large;\"><span style=\"font-family: Arial; font-size: large;\"><span style=\"font-family: Arial; font-size: large;\"><span lang=\"EN\">P<\/span><\/span><\/span><\/span><\/b><strong><span style=\"font-family: Arial; font-size: large;\"><span style=\"font-family: Arial; font-size: large;\"><span style=\"font-family: Arial; font-size: large;\"><span lang=\"EN\">laneta<\/span><\/span><\/span><\/span><\/strong><span lang=\"EN\"><span style=\"font-family: Arial; font-size: small;\"><span style=\"font-family: Arial; font-size: small;\">:<br \/>\n<span style=\"font-family: Arial; font-size: small;\"><span style=\"font-family: Arial; font-size: small;\"><span lang=\"EN\">&#8211; Stal nadaje si\u0119 do recyklingu (w ramach idei \u201eod ko\u0142yski do ko\u0142yski\u201d).<br \/>\n&#8211; Dzi\u0119ki sk\u0142adowi stali jej zu\u017cycie jest o 50% ni\u017csze.<\/span><\/span><\/span><br \/>\n<span style=\"font-family: Arial; font-size: small;\"><span style=\"font-family: Arial; font-size: small;\"><span lang=\"EN\">&#8211; Automatyczny proces produkcyjny, wolny od etapu spawania, charakteryzuje si\u0119 nisk\u0105 emisj\u0105 zanieczyszcze\u0144.<\/span><\/span><\/span><\/span><\/span><\/span><\/p>\n<p dir=\"ltr\">\u00a0<span lang=\"EN\"><span style=\"font-family: Arial; font-size: small;\"><span style=\"font-family: Arial; font-size: small;\"><span style=\"font-family: Arial; font-size: small;\"><span style=\"font-family: Arial; font-size: small;\"><span lang=\"EN\"><span style=\"font-size: large;\"><span style=\"font-family: Arial;\"><strong><span lang=\"EN\">Zysk<\/span><\/strong><\/span><\/span><\/span><\/span><\/span><\/span><\/span><\/span><span lang=\"EN\"><span style=\"font-family: Arial; font-size: small;\"><span style=\"font-family: Arial; font-size: small;\"><span style=\"font-family: Arial; font-size: small;\"><span style=\"font-family: Arial; font-size: small;\"><span lang=\"EN\"><span lang=\"EN\"><span style=\"font-size: small;\"><span style=\"font-family: Arial; font-size: small;\">: <\/span><\/span><\/span><br \/>\nGrubo\u015b\u0107 stali zostaje zmniejszona do 2 mm dzi\u0119ki dobraniu specyfikacji wysokorozci\u0105gliwego gatunku stali. W zautomatyzowanym procesie produkcyjnym zu\u017cywa si\u0119 mniej surowca, dzi\u0119ki czemu przy tak wysokiej skuteczno\u015bci i klasie innowacyjno\u015bci, produkt jest konkurencyjny cenowo.<\/span><\/span><\/span><\/span><\/span><\/span><\/p>\n<\/div>\n<\/div>\n","protected":false},"excerpt":{"rendered":"<p>Pracownicy Safety Product to zesp\u00f3\u0142 r\u00f3\u017cnych osobowo\u015bci, kt\u00f3re pragn\u0105 wsp\u00f3lnie tworzy\u0107 nowe, wysokiej jako\u015bci produkty, \u0142\u0105cz\u0105ce w sobie najnowsze technologie, op\u0142acalno\u015b\u0107 i etyczne rozwi\u0105zania, odpowiadaj\u0105ce na potrzeby rynkowe i jednocze\u015bnie przyjazne dla \u015brodowiska. Firma Safety Product wprowadza na rynek ZIPpole &hellip; <a href=\"https:\/\/zippole.com\/pl\/company\">Continue reading <span class=\"meta-nav\">&rarr;<\/span><\/a><\/p>\n","protected":false},"author":1,"featured_media":0,"parent":0,"menu_order":2,"comment_status":"closed","ping_status":"closed","template":"sidebar-page.php","meta":{"ngg_post_thumbnail":0,"footnotes":""},"class_list":["post-50","page","type-page","status-publish","hentry"],"translation":{"provider":"WPGlobus","version":"3.0.2","language":"pl","enabled_languages":["en","nl","fr","de","es","it","pl","ru","zh"],"languages":{"en":{"title":false,"content":true,"excerpt":false},"nl":{"title":false,"content":true,"excerpt":false},"fr":{"title":false,"content":true,"excerpt":false},"de":{"title":false,"content":true,"excerpt":false},"es":{"title":false,"content":true,"excerpt":false},"it":{"title":false,"content":true,"excerpt":false},"pl":{"title":false,"content":true,"excerpt":false},"ru":{"title":false,"content":true,"excerpt":false},"zh":{"title":false,"content":true,"excerpt":false}}},"aioseo_notices":[],"_links":{"self":[{"href":"https:\/\/zippole.com\/pl\/wp-json\/wp\/v2\/pages\/50","targetHints":{"allow":["GET"]}}],"collection":[{"href":"https:\/\/zippole.com\/pl\/wp-json\/wp\/v2\/pages"}],"about":[{"href":"https:\/\/zippole.com\/pl\/wp-json\/wp\/v2\/types\/page"}],"author":[{"embeddable":true,"href":"https:\/\/zippole.com\/pl\/wp-json\/wp\/v2\/users\/1"}],"replies":[{"embeddable":true,"href":"https:\/\/zippole.com\/pl\/wp-json\/wp\/v2\/comments?post=50"}],"version-history":[{"count":25,"href":"https:\/\/zippole.com\/pl\/wp-json\/wp\/v2\/pages\/50\/revisions"}],"predecessor-version":[{"id":2160,"href":"https:\/\/zippole.com\/pl\/wp-json\/wp\/v2\/pages\/50\/revisions\/2160"}],"wp:attachment":[{"href":"https:\/\/zippole.com\/pl\/wp-json\/wp\/v2\/media?parent=50"}],"curies":[{"name":"wp","href":"https:\/\/api.w.org\/{rel}","templated":true}]}}