{"id":143,"date":"2015-08-28T16:54:41","date_gmt":"2015-08-28T13:54:41","guid":{"rendered":"http:\/\/localhost\/zippole\/?page_id=143"},"modified":"2020-05-08T17:39:45","modified_gmt":"2020-05-08T14:39:45","slug":"magnelis","status":"publish","type":"page","link":"https:\/\/zippole.com\/pl\/magnelis","title":{"rendered":""},"content":{"rendered":"<h2 class=\"art-postheader\" style=\"text-align: justify;\"><strong>Ochron\u0119 antykorozyjn\u0105 s\u0142up\u00f3w ZIPpole zapewnia pow\u0142oka Magnelis.<\/strong><\/h2>\n<p style=\"text-align: justify;\">Magnelis to wyj\u0105tkowa pow\u0142oka metaliczna, zapewniaj\u0105ca d\u0142ugotrwa\u0142\u0105 ochron\u0119 powierzchni przed zu\u017cyciem.<\/p>\n<p style=\"text-align: justify;\"><a href=\"http:\/\/zippole.com\/wp-content\/uploads\/2015\/09\/magnelis-28-kl-ned.jpg\"><img loading=\"lazy\" decoding=\"async\" class=\"size-medium wp-image-511 alignleft\" src=\"http:\/\/zippole.com\/wp-content\/uploads\/2015\/09\/magnelis-28-kl-ned-212x300.jpg\" alt=\"magnelis 28 kl ned\" width=\"212\" height=\"300\" srcset=\"https:\/\/zippole.com\/wp-content\/uploads\/2015\/09\/magnelis-28-kl-ned-212x300.jpg 212w, https:\/\/zippole.com\/wp-content\/uploads\/2015\/09\/magnelis-28-kl-ned.jpg 657w\" sizes=\"auto, (max-width: 212px) 100vw, 212px\" \/><\/a><\/p>\n<div class=\"art-postcontent\">\n<ul>\n<li>Najlepsze parametry antykorozyjne, do 10 razy przewy\u017cszaj\u0105ce poziom ochrony zapewniany przez stal ocynkowan\u0105.<\/li>\n<li>Pow\u0142oka Magnelis stanowi przyk\u0142ad produktu odpowiedzialnego ekologicznie, kt\u00f3ry znacznie redukuje przedostawanie si\u0119 cynku do gleby.<\/li>\n<\/ul>\n<p>&nbsp;<\/p>\n<\/div>\n<div class=\"art-postcontent\" style=\"text-align: left;\">\u00a0<a href=\"http:\/\/industry.arcelormittal.com\/magnelis\" target=\"_blank\">Klikaj tuta dla informacji<\/a><\/div>\n","protected":false},"excerpt":{"rendered":"<p>Ochron\u0119 antykorozyjn\u0105 s\u0142up\u00f3w ZIPpole zapewnia pow\u0142oka Magnelis. Magnelis to wyj\u0105tkowa pow\u0142oka metaliczna, zapewniaj\u0105ca d\u0142ugotrwa\u0142\u0105 ochron\u0119 powierzchni przed zu\u017cyciem. Najlepsze parametry antykorozyjne, do 10 razy przewy\u017cszaj\u0105ce poziom ochrony zapewniany przez stal ocynkowan\u0105. Pow\u0142oka Magnelis stanowi przyk\u0142ad produktu odpowiedzialnego ekologicznie, kt\u00f3ry znacznie &hellip; <a href=\"https:\/\/zippole.com\/pl\/magnelis\">Continue reading <span class=\"meta-nav\">&rarr;<\/span><\/a><\/p>\n","protected":false},"author":1,"featured_media":0,"parent":0,"menu_order":0,"comment_status":"closed","ping_status":"closed","template":"sidebar-page.php","meta":{"ngg_post_thumbnail":0,"footnotes":""},"class_list":["post-143","page","type-page","status-publish","hentry"],"translation":{"provider":"WPGlobus","version":"3.0.2","language":"pl","enabled_languages":["en","nl","fr","de","es","it","pl","ru","zh"],"languages":{"en":{"title":false,"content":true,"excerpt":false},"nl":{"title":false,"content":true,"excerpt":false},"fr":{"title":false,"content":true,"excerpt":false},"de":{"title":false,"content":true,"excerpt":false},"es":{"title":false,"content":true,"excerpt":false},"it":{"title":false,"content":true,"excerpt":false},"pl":{"title":false,"content":true,"excerpt":false},"ru":{"title":false,"content":true,"excerpt":false},"zh":{"title":false,"content":true,"excerpt":false}}},"aioseo_notices":[],"_links":{"self":[{"href":"https:\/\/zippole.com\/pl\/wp-json\/wp\/v2\/pages\/143","targetHints":{"allow":["GET"]}}],"collection":[{"href":"https:\/\/zippole.com\/pl\/wp-json\/wp\/v2\/pages"}],"about":[{"href":"https:\/\/zippole.com\/pl\/wp-json\/wp\/v2\/types\/page"}],"author":[{"embeddable":true,"href":"https:\/\/zippole.com\/pl\/wp-json\/wp\/v2\/users\/1"}],"replies":[{"embeddable":true,"href":"https:\/\/zippole.com\/pl\/wp-json\/wp\/v2\/comments?post=143"}],"version-history":[{"count":15,"href":"https:\/\/zippole.com\/pl\/wp-json\/wp\/v2\/pages\/143\/revisions"}],"predecessor-version":[{"id":2162,"href":"https:\/\/zippole.com\/pl\/wp-json\/wp\/v2\/pages\/143\/revisions\/2162"}],"wp:attachment":[{"href":"https:\/\/zippole.com\/pl\/wp-json\/wp\/v2\/media?parent=143"}],"curies":[{"name":"wp","href":"https:\/\/api.w.org\/{rel}","templated":true}]}}