{"id":127,"date":"2015-08-28T16:15:10","date_gmt":"2015-08-28T13:15:10","guid":{"rendered":"http:\/\/localhost\/zippole\/?page_id=127"},"modified":"2024-06-19T16:31:56","modified_gmt":"2024-06-19T13:31:56","slug":"why-creating-forgiving-roadsides","status":"publish","type":"page","link":"https:\/\/zippole.com\/pl\/","title":{"rendered":""},"content":{"rendered":"<p style=\"text-align: justify;\"><strong>ZIPpole, s\u0142up z cechami bezpiecze\u0144stwa biernego<\/strong><\/p>\n<p><iframe loading=\"lazy\" width=\"560\" height=\"315\" src=\"https:\/\/www.youtube.com\/embed\/N_H59ElO3OY?autoplay=1&#038;rel=0\" frameborder=\"0\" allow=\"accelerometer; autoplay; encrypted-media; gyroscope; picture-in-picture\" allowfullscreen><\/iframe><\/p>\n<p>&nbsp;<\/p>\n<p style=\"text-align: justify;\"><span style=\"color: #ff0000;\">Na ca\u0142ym \u015bwiecie ludzie gin\u0105 w wyniku zderze\u0144 pojazd\u00f3w z elementami infrastruktury drogowej. A wcale nie musi tak by\u0107&#8230;<\/span><\/p>\n<p style=\"text-align: justify;\">Uderzony s\u0142up w\u0142a\u015bciwie nie przesuwa si\u0119, przez co pojazd gwa\u0142townie zatrzymuje si\u0119 na bardzo kr\u00f3tkim dystansie i negatywne skutki dla cia\u0142a cz\u0142owieka staj\u0105 si\u0119 nieuniknione.<\/p>\n<p style=\"text-align: justify;\">S\u0142up ZIPpole z cechami bezpiecze\u0144stwa biernego ratuje ludzkie \u017cycie. W razie zderzenia, solidny sto\u017ckowaty kszta\u0142t zachowuje si\u0119 jak mi\u0119kka wst\u0105\u017cka. Wraz z uginaniem si\u0119 s\u0142upa przy uderzeniu, odpowiednio zmniejsza si\u0119 te\u017c i pr\u0119dko\u015b\u0107 pojazdu.<\/p>\n<p style=\"text-align: justify;\">S\u0142upy ZIPpole s\u0105 najbezpieczniejszymi kolumnami poch\u0142aniaj\u0105cymi energi\u0119 i spe\u0142niaj\u0105 wymagania w zakresie oznakowania CE, zgodnie z normami EN 40, EN 12899 oraz EN 12767.<\/p>\n<p><iframe loading=\"lazy\" title=\"car crash into safe pole and rigid pole\" width=\"584\" height=\"438\" src=\"https:\/\/www.youtube.com\/embed\/Zrrm7Sr0Lpo?feature=oembed\" frameborder=\"0\" allow=\"accelerometer; autoplay; clipboard-write; encrypted-media; gyroscope; picture-in-picture; web-share\" referrerpolicy=\"strict-origin-when-cross-origin\" allowfullscreen><\/iframe><\/p>\n<p style=\"text-align: center;\"><strong><span style=\"color: #ff0000;\">Live crash into a ZIPpole on the national news<\/span><\/strong><\/p>\n<p><iframe loading=\"lazy\" title=\"ZIPpole on Belgian national TV\" width=\"584\" height=\"438\" src=\"https:\/\/www.youtube.com\/embed\/wQ4HyoR1QPg?feature=oembed\" frameborder=\"0\" allow=\"accelerometer; autoplay; clipboard-write; encrypted-media; gyroscope; picture-in-picture; web-share\" referrerpolicy=\"strict-origin-when-cross-origin\" allowfullscreen><\/iframe><\/p>\n<p style=\"text-align: justify;\">Touring is the Belgian automobile club taking care of roadusers. Improving traffic safety is not only educating drivers and designing safe cars but also creating safe roads and \u201cforgiving\u201d roadsides.<\/p>\n<p style=\"text-align: justify;\">Danny Smagghe: Touring<br \/>\nKoen Maes: Crash pilot and son of Albert Maes, the director of Safety Product<\/p>\n","protected":false},"excerpt":{"rendered":"<p>ZIPpole, s\u0142up z cechami bezpiecze\u0144stwa biernego &nbsp; Na ca\u0142ym \u015bwiecie ludzie gin\u0105 w wyniku zderze\u0144 pojazd\u00f3w z elementami infrastruktury drogowej. A wcale nie musi tak by\u0107&#8230; Uderzony s\u0142up w\u0142a\u015bciwie nie przesuwa si\u0119, przez co pojazd gwa\u0142townie zatrzymuje si\u0119 na bardzo &hellip; <a href=\"https:\/\/zippole.com\/pl\/\">Continue reading <span class=\"meta-nav\">&rarr;<\/span><\/a><\/p>\n","protected":false},"author":1,"featured_media":0,"parent":0,"menu_order":0,"comment_status":"closed","ping_status":"closed","template":"sidebar-page.php","meta":{"ngg_post_thumbnail":0,"footnotes":""},"class_list":["post-127","page","type-page","status-publish","hentry"],"translation":{"provider":"WPGlobus","version":"3.0.2","language":"pl","enabled_languages":["en","nl","fr","de","es","it","pl","ru","zh"],"languages":{"en":{"title":false,"content":true,"excerpt":false},"nl":{"title":false,"content":true,"excerpt":false},"fr":{"title":false,"content":true,"excerpt":false},"de":{"title":false,"content":true,"excerpt":false},"es":{"title":false,"content":true,"excerpt":false},"it":{"title":false,"content":true,"excerpt":false},"pl":{"title":false,"content":true,"excerpt":false},"ru":{"title":false,"content":true,"excerpt":false},"zh":{"title":false,"content":true,"excerpt":false}}},"aioseo_notices":[],"_links":{"self":[{"href":"https:\/\/zippole.com\/pl\/wp-json\/wp\/v2\/pages\/127","targetHints":{"allow":["GET"]}}],"collection":[{"href":"https:\/\/zippole.com\/pl\/wp-json\/wp\/v2\/pages"}],"about":[{"href":"https:\/\/zippole.com\/pl\/wp-json\/wp\/v2\/types\/page"}],"author":[{"embeddable":true,"href":"https:\/\/zippole.com\/pl\/wp-json\/wp\/v2\/users\/1"}],"replies":[{"embeddable":true,"href":"https:\/\/zippole.com\/pl\/wp-json\/wp\/v2\/comments?post=127"}],"version-history":[{"count":67,"href":"https:\/\/zippole.com\/pl\/wp-json\/wp\/v2\/pages\/127\/revisions"}],"predecessor-version":[{"id":2690,"href":"https:\/\/zippole.com\/pl\/wp-json\/wp\/v2\/pages\/127\/revisions\/2690"}],"wp:attachment":[{"href":"https:\/\/zippole.com\/pl\/wp-json\/wp\/v2\/media?parent=127"}],"curies":[{"name":"wp","href":"https:\/\/api.w.org\/{rel}","templated":true}]}}