{"id":2491,"date":"2023-08-01T13:18:46","date_gmt":"2023-08-01T10:18:46","guid":{"rendered":"https:\/\/zippole.com\/?page_id=2491"},"modified":"2023-08-01T13:18:13","modified_gmt":"2023-08-01T10:18:13","slug":"research","status":"publish","type":"page","link":"https:\/\/zippole.com\/nl\/research","title":{"rendered":"Studie"},"content":{"rendered":"<p>Wetenschappelijk onderzoek uit over de invloed van HE of Hoog Energie absorberende masten bij de ernst van aanrijdingen in de berm in Belgi\u00eb!<\/p>\n<p>We weten dat onze ZIPpoles levens redden. We ontvangen veel foto&#8217;s en rapporten van echte ongevallen. Er werd echter nog geen wetenschappelijk onderzoek gedaan naar het effect van passieve veilige masten bij \u00e9\u00e9nzijdige ongevallen in de berm in Belgi\u00eb.<\/p>\n<p>In 2021 zijn LNEC en VIAS gestart met de ontwikkeling van een studie om de invloed van Hoog Energie absorberende passieve veilige masten te onderzoeken bij de ernst van run-off-road ongevallen in Belgi\u00eb. Safety Product nv heeft het onderzoek gefinancierd.<\/p>\n<p>De resultaten van dit onderzoek tonen aan dat HE of Hoog Energie absorberende passief veilige masten (conform EN 12767 HE) bijdragen tot slechts lichte verwondingen. De studie wijst ook op het belang van bescherming van dolende voertuigen tegen traditionele palen, aangezien deze in verband worden gebracht met ernstige verwondingen.<\/p>\n<p><a href=\"https:\/\/zippole.com\/wp-content\/uploads\/2023\/08\/study-on-the-influence-of-he-passive-safe-poles-in-ror-crash-severity-lnec-vias-june-2023-pdf.pdf\" rel=\"noopener\" target=\"_blank\">Download het volledige rapport<\/a><\/p>\n<p>Gepubliceerd in Journal of Safety Research, Oktober 2024.<\/p>\n","protected":false},"excerpt":{"rendered":"<p>Wetenschappelijk onderzoek uit over de invloed van HE of Hoog Energie absorberende masten bij de ernst van aanrijdingen in de berm in Belgi\u00eb! We weten dat onze ZIPpoles levens redden. We ontvangen veel foto&#8217;s en rapporten van echte ongevallen. Er &hellip; <a href=\"https:\/\/zippole.com\/nl\/research\">Continue reading <span class=\"meta-nav\">&rarr;<\/span><\/a><\/p>\n","protected":false},"author":1,"featured_media":0,"parent":0,"menu_order":0,"comment_status":"closed","ping_status":"closed","template":"","meta":{"ngg_post_thumbnail":0,"footnotes":""},"class_list":["post-2491","page","type-page","status-publish","hentry"],"translation":{"provider":"WPGlobus","version":"3.0.2","language":"nl","enabled_languages":["en","nl","fr","de","es","it","pl","ru","zh"],"languages":{"en":{"title":true,"content":true,"excerpt":false},"nl":{"title":true,"content":true,"excerpt":false},"fr":{"title":true,"content":true,"excerpt":false},"de":{"title":true,"content":true,"excerpt":false},"es":{"title":true,"content":true,"excerpt":false},"it":{"title":true,"content":true,"excerpt":false},"pl":{"title":true,"content":true,"excerpt":false},"ru":{"title":true,"content":true,"excerpt":false},"zh":{"title":true,"content":true,"excerpt":false}}},"aioseo_notices":[],"_links":{"self":[{"href":"https:\/\/zippole.com\/nl\/wp-json\/wp\/v2\/pages\/2491","targetHints":{"allow":["GET"]}}],"collection":[{"href":"https:\/\/zippole.com\/nl\/wp-json\/wp\/v2\/pages"}],"about":[{"href":"https:\/\/zippole.com\/nl\/wp-json\/wp\/v2\/types\/page"}],"author":[{"embeddable":true,"href":"https:\/\/zippole.com\/nl\/wp-json\/wp\/v2\/users\/1"}],"replies":[{"embeddable":true,"href":"https:\/\/zippole.com\/nl\/wp-json\/wp\/v2\/comments?post=2491"}],"version-history":[{"count":12,"href":"https:\/\/zippole.com\/nl\/wp-json\/wp\/v2\/pages\/2491\/revisions"}],"predecessor-version":[{"id":2714,"href":"https:\/\/zippole.com\/nl\/wp-json\/wp\/v2\/pages\/2491\/revisions\/2714"}],"wp:attachment":[{"href":"https:\/\/zippole.com\/nl\/wp-json\/wp\/v2\/media?parent=2491"}],"curies":[{"name":"wp","href":"https:\/\/api.w.org\/{rel}","templated":true}]}}