{"id":141,"date":"2015-08-28T16:54:22","date_gmt":"2015-08-28T13:54:22","guid":{"rendered":"http:\/\/localhost\/zippole\/?page_id=141"},"modified":"2026-02-23T11:45:25","modified_gmt":"2026-02-23T08:45:25","slug":"products","status":"publish","type":"page","link":"https:\/\/zippole.com\/it\/products","title":{"rendered":""},"content":{"rendered":"\n\t\t<style type=\"text\/css\">\n\t\t\t#gallery-1 {\n\t\t\t\tmargin: auto;\n\t\t\t}\n\t\t\t#gallery-1 .gallery-item {\n\t\t\t\tfloat: left;\n\t\t\t\tmargin-top: 10px;\n\t\t\t\ttext-align: center;\n\t\t\t\twidth: 25%;\n\t\t\t}\n\t\t\t#gallery-1 img {\n\t\t\t\tborder: 2px solid #cfcfcf;\n\t\t\t}\n\t\t\t#gallery-1 .gallery-caption {\n\t\t\t\tmargin-left: 0;\n\t\t\t}\n\t\t\t\/* see gallery_shortcode() in wp-includes\/media.php *\/\n\t\t<\/style>\n\t\t<div id='gallery-1' class='gallery galleryid-141 gallery-columns-4 gallery-size-medium'><dl class='gallery-item'>\n\t\t\t<dt class='gallery-icon portrait'>\n\t\t\t\t<img loading=\"lazy\" decoding=\"async\" width=\"204\" height=\"300\" src=\"https:\/\/zippole.com\/wp-content\/uploads\/2015\/08\/foto12-schaduw-204x300.jpg\" class=\"attachment-medium size-medium\" alt=\"\" srcset=\"https:\/\/zippole.com\/wp-content\/uploads\/2015\/08\/foto12-schaduw-204x300.jpg 204w, https:\/\/zippole.com\/wp-content\/uploads\/2015\/08\/foto12-schaduw.jpg 417w\" sizes=\"auto, (max-width: 204px) 100vw, 204px\" \/>\n\t\t\t<\/dt><\/dl><dl class='gallery-item'>\n\t\t\t<dt class='gallery-icon portrait'>\n\t\t\t\t<img loading=\"lazy\" decoding=\"async\" width=\"204\" height=\"300\" src=\"https:\/\/zippole.com\/wp-content\/uploads\/2026\/02\/bracoprojetado-products-204x300.webp\" class=\"attachment-medium size-medium\" alt=\"\" srcset=\"https:\/\/zippole.com\/wp-content\/uploads\/2026\/02\/bracoprojetado-products-204x300.webp 204w, https:\/\/zippole.com\/wp-content\/uploads\/2026\/02\/bracoprojetado-products.webp 417w\" sizes=\"auto, (max-width: 204px) 100vw, 204px\" \/>\n\t\t\t<\/dt><\/dl><dl class='gallery-item'>\n\t\t\t<dt class='gallery-icon portrait'>\n\t\t\t\t<img loading=\"lazy\" decoding=\"async\" width=\"203\" height=\"300\" src=\"https:\/\/zippole.com\/wp-content\/uploads\/2023\/02\/traffic-light-zp3xl-d-203x300.png\" class=\"attachment-medium size-medium\" alt=\"\" srcset=\"https:\/\/zippole.com\/wp-content\/uploads\/2023\/02\/traffic-light-zp3xl-d-203x300.png 203w, https:\/\/zippole.com\/wp-content\/uploads\/2023\/02\/traffic-light-zp3xl-d.png 664w\" sizes=\"auto, (max-width: 203px) 100vw, 203px\" \/>\n\t\t\t<\/dt><\/dl><dl class='gallery-item'>\n\t\t\t<dt class='gallery-icon portrait'>\n\t\t\t\t<img loading=\"lazy\" decoding=\"async\" width=\"120\" height=\"181\" src=\"https:\/\/zippole.com\/wp-content\/uploads\/2023\/02\/weert-n280-4.png\" class=\"attachment-medium size-medium\" alt=\"\" \/>\n\t\t\t<\/dt><\/dl><br style=\"clear: both\" \/>\n\t\t<\/div>\n\n<h2 class=\"art-postheader\">Per strade sicure, sempre<\/h2>\n<p><strong>ZIPpole<\/strong><\/p>\n<p>&#8211; per tutti i tipi di strade<\/p>\n<p>&#8211; per tutti i tipi di terreno<\/p>\n<p>&#8211; abbattibile da qualunque direzione, \u00e8 sempre sicuro<\/p>\n<p>&#8211; altezza fino a 20mt<\/p>\n<p>&#8211; resistente a forti carichi di vento<\/p>\n<p>&#8211; approvato per tutte le classi di sicurezza , HE &#8211; NE<\/p>\n<p>Quando si utilizza un palo di sicurezza, si parla sempre di sicurezza passiva. Indipendentemente da come si installa, ZIPpole, una volta colpito dal veicolo, si piega sempre assorbendo l\u2019energia causata dall\u2019urto. ZIPpole \u00e8 sempre sicuro.<\/p>\n<p>Il livello di sicurezza ottenuto dipende dal metodo di installazione scelto. Per raggiungere il pi\u00f9 alto assorbimento di energia, e rallentare la macchina il pi\u00f9 possibile, \u00e8 meglio fissare ZIPpole sotto il livello del terreno.<\/p>\n\n\t\t<style type=\"text\/css\">\n\t\t\t#gallery-2 {\n\t\t\t\tmargin: auto;\n\t\t\t}\n\t\t\t#gallery-2 .gallery-item {\n\t\t\t\tfloat: left;\n\t\t\t\tmargin-top: 10px;\n\t\t\t\ttext-align: center;\n\t\t\t\twidth: 25%;\n\t\t\t}\n\t\t\t#gallery-2 img {\n\t\t\t\tborder: 2px solid #cfcfcf;\n\t\t\t}\n\t\t\t#gallery-2 .gallery-caption {\n\t\t\t\tmargin-left: 0;\n\t\t\t}\n\t\t\t\/* see gallery_shortcode() in wp-includes\/media.php *\/\n\t\t<\/style>\n\t\t<div id='gallery-2' class='gallery galleryid-141 gallery-columns-4 gallery-size-medium'><dl class='gallery-item'>\n\t\t\t<dt class='gallery-icon portrait'>\n\t\t\t\t<img loading=\"lazy\" decoding=\"async\" width=\"204\" height=\"300\" src=\"https:\/\/zippole.com\/wp-content\/uploads\/2015\/08\/foto7-schaduw-204x300.jpg\" class=\"attachment-medium size-medium\" alt=\"\" srcset=\"https:\/\/zippole.com\/wp-content\/uploads\/2015\/08\/foto7-schaduw-204x300.jpg 204w, https:\/\/zippole.com\/wp-content\/uploads\/2015\/08\/foto7-schaduw.jpg 417w\" sizes=\"auto, (max-width: 204px) 100vw, 204px\" \/>\n\t\t\t<\/dt><\/dl><dl class='gallery-item'>\n\t\t\t<dt class='gallery-icon portrait'>\n\t\t\t\t<img loading=\"lazy\" decoding=\"async\" width=\"175\" height=\"300\" src=\"https:\/\/zippole.com\/wp-content\/uploads\/2023\/02\/anpr-on-zippole-175x300.jpg\" class=\"attachment-medium size-medium\" alt=\"\" srcset=\"https:\/\/zippole.com\/wp-content\/uploads\/2023\/02\/anpr-on-zippole-175x300.jpg 175w, https:\/\/zippole.com\/wp-content\/uploads\/2023\/02\/anpr-on-zippole-599x1024.jpg 599w, https:\/\/zippole.com\/wp-content\/uploads\/2023\/02\/anpr-on-zippole-768x1313.jpg 768w, https:\/\/zippole.com\/wp-content\/uploads\/2023\/02\/anpr-on-zippole-899x1536.jpg 899w, https:\/\/zippole.com\/wp-content\/uploads\/2023\/02\/anpr-on-zippole-1198x2048.jpg 1198w, https:\/\/zippole.com\/wp-content\/uploads\/2023\/02\/anpr-on-zippole-scaled.jpg 1498w\" sizes=\"auto, (max-width: 175px) 100vw, 175px\" \/>\n\t\t\t<\/dt><\/dl><dl class='gallery-item'>\n\t\t\t<dt class='gallery-icon portrait'>\n\t\t\t\t<img loading=\"lazy\" decoding=\"async\" width=\"146\" height=\"300\" src=\"https:\/\/zippole.com\/wp-content\/uploads\/2023\/02\/green-zippole-july-2022-146x300.jpg\" class=\"attachment-medium size-medium\" alt=\"\" srcset=\"https:\/\/zippole.com\/wp-content\/uploads\/2023\/02\/green-zippole-july-2022-146x300.jpg 146w, https:\/\/zippole.com\/wp-content\/uploads\/2023\/02\/green-zippole-july-2022-499x1024.jpg 499w, https:\/\/zippole.com\/wp-content\/uploads\/2023\/02\/green-zippole-july-2022-768x1576.jpg 768w, https:\/\/zippole.com\/wp-content\/uploads\/2023\/02\/green-zippole-july-2022-749x1536.jpg 749w, https:\/\/zippole.com\/wp-content\/uploads\/2023\/02\/green-zippole-july-2022-998x2048.jpg 998w, https:\/\/zippole.com\/wp-content\/uploads\/2023\/02\/green-zippole-july-2022-scaled.jpg 1248w\" sizes=\"auto, (max-width: 146px) 100vw, 146px\" \/>\n\t\t\t<\/dt><\/dl><dl class='gallery-item'>\n\t\t\t<dt class='gallery-icon portrait'>\n\t\t\t\t<img loading=\"lazy\" decoding=\"async\" width=\"134\" height=\"150\" src=\"https:\/\/zippole.com\/wp-content\/uploads\/2023\/02\/zonnepaneel-fonroche-e1675937269221.jpg\" class=\"attachment-medium size-medium\" alt=\"\" \/>\n\t\t\t<\/dt><\/dl><br style=\"clear: both\" \/>\n\t\t<\/div>\n\n<hr \/>\n<p><a href=\"https:\/\/zippole.com\/wp-content\/uploads\/2024\/12\/en12767-zippole-and-zippole3xl-pdf-v01.pdf\" rel=\"noopener noreferrer\" target=\"_blank\">Read more about how and where to use passive safe poles<\/a><\/p>\n","protected":false},"excerpt":{"rendered":"<p>Per strade sicure, sempre ZIPpole &#8211; per tutti i tipi di strade &#8211; per tutti i tipi di terreno &#8211; abbattibile da qualunque direzione, \u00e8 sempre sicuro &#8211; altezza fino a 20mt &#8211; resistente a forti carichi di vento &#8211; &hellip; <a href=\"https:\/\/zippole.com\/it\/products\">Continue reading <span class=\"meta-nav\">&rarr;<\/span><\/a><\/p>\n","protected":false},"author":1,"featured_media":0,"parent":0,"menu_order":3,"comment_status":"closed","ping_status":"closed","template":"sidebar-page.php","meta":{"ngg_post_thumbnail":0,"footnotes":""},"class_list":["post-141","page","type-page","status-publish","hentry"],"translation":{"provider":"WPGlobus","version":"3.0.2","language":"it","enabled_languages":["en","nl","fr","de","es","it","pl","ru","zh"],"languages":{"en":{"title":false,"content":true,"excerpt":false},"nl":{"title":false,"content":true,"excerpt":false},"fr":{"title":false,"content":true,"excerpt":false},"de":{"title":false,"content":true,"excerpt":false},"es":{"title":false,"content":true,"excerpt":false},"it":{"title":false,"content":true,"excerpt":false},"pl":{"title":false,"content":true,"excerpt":false},"ru":{"title":false,"content":true,"excerpt":false},"zh":{"title":false,"content":true,"excerpt":false}}},"aioseo_notices":[],"_links":{"self":[{"href":"https:\/\/zippole.com\/it\/wp-json\/wp\/v2\/pages\/141","targetHints":{"allow":["GET"]}}],"collection":[{"href":"https:\/\/zippole.com\/it\/wp-json\/wp\/v2\/pages"}],"about":[{"href":"https:\/\/zippole.com\/it\/wp-json\/wp\/v2\/types\/page"}],"author":[{"embeddable":true,"href":"https:\/\/zippole.com\/it\/wp-json\/wp\/v2\/users\/1"}],"replies":[{"embeddable":true,"href":"https:\/\/zippole.com\/it\/wp-json\/wp\/v2\/comments?post=141"}],"version-history":[{"count":45,"href":"https:\/\/zippole.com\/it\/wp-json\/wp\/v2\/pages\/141\/revisions"}],"predecessor-version":[{"id":2764,"href":"https:\/\/zippole.com\/it\/wp-json\/wp\/v2\/pages\/141\/revisions\/2764"}],"wp:attachment":[{"href":"https:\/\/zippole.com\/it\/wp-json\/wp\/v2\/media?parent=141"}],"curies":[{"name":"wp","href":"https:\/\/api.w.org\/{rel}","templated":true}]}}