{"id":50,"date":"2015-08-24T11:10:45","date_gmt":"2015-08-24T08:10:45","guid":{"rendered":"http:\/\/localhost\/zippole\/?page_id=50"},"modified":"2020-05-08T17:36:10","modified_gmt":"2020-05-08T14:36:10","slug":"company","status":"publish","type":"page","link":"https:\/\/zippole.com\/fr\/company","title":{"rendered":""},"content":{"rendered":"<p dir=\"ltr\" style=\"text-align: justify;\" align=\"left\"><span lang=\"FR-BE\">Au sein de Safety Product, nous sommes un ensemble des personnes diff\u00e9rentes qui veulent toutes combiner les toutes derni\u00e8res technologies, l&#8217;\u00e9conomie, l&#8217;\u00e9thique, les besoins du march\u00e9 et la responsabilit\u00e9 environnementale pour cr\u00e9er de nouveaux produits de grande qualit\u00e9.<\/span><\/p>\n<p style=\"text-align: justify;\"><span lang=\"FR-BE\"><span lang=\"FR-BE\">Safety Product lance le ZIPpole comme poteau\u00a0pour l&#8217;infrastructure routi\u00e8re\u00a0avec l&#8217;avantage suppl\u00e9mentaire d&#8217;\u00eatre passivement s\u00e9curis\u00e9.<br \/>\nEn \u00e9tant novateurs, nous avons r\u00e9ussi \u00e0 red\u00e9velopper un produit utilis\u00e9 commun\u00e9ment pour devenir une solution qui s&#8217;adapte dans la soci\u00e9t\u00e9 actuelle dans laquelle le trafic, les routes et les utilisateurs sont de plus en plus occup\u00e9s, ce qui entra\u00eene souvent de malheureuses cons\u00e9quen.<\/span><\/span><\/p>\n<p style=\"text-align: center;\"><a href=\"http:\/\/zippole.com\/wp-content\/uploads\/2015\/09\/Productie1-kl-e1441113918153.png\"><img loading=\"lazy\" decoding=\"async\" class=\"alignnone size-medium wp-image-340\" src=\"http:\/\/zippole.com\/wp-content\/uploads\/2015\/09\/Productie1-kl-300x186.png\" alt=\"\" width=\"300\" height=\"186\" \/><\/a><\/p>\n<p dir=\"ltr\" style=\"text-align: justify;\"><strong>Nous d\u00e9terminons diff\u00e9rents objectifs pour nous-m\u00eame<\/strong><\/p>\n<p dir=\"ltr\" style=\"text-align: justify;\" align=\"left\"><strong>Conception <\/strong><span lang=\"FR-BE\">un poteau pour l&#8217;infrastructure routi\u00e8re.<\/span><\/p>\n<p dir=\"ltr\" style=\"text-align: justify;\" align=\"left\"><strong>D\u00e9veloppement<\/strong> d&#8217;un poteau d&#8217;\u00e9clairage, <span lang=\"FR-BE\">mais s\u00e9curis\u00e9. Le fait de faire une erreur dans le trafic en touchant l&#8217;infrastructure routi\u00e8re ne devrait pas \u00eatre puni par de mauvaises blessures.<\/span><\/p>\n<p dir=\"ltr\" style=\"text-align: justify;\" align=\"left\"><strong>Invention d&#8217;un produit<\/strong> <span lang=\"FR-BE\">plus <\/span><strong>\u00e9cologique<\/strong><span lang=\"FR-BE\">, avec une empreinte carbone saine.<\/span><\/p>\n<p style=\"text-align: justify;\"><strong>D\u00e9veloppement d&#8217;une ligne de production automatique<\/strong> <span lang=\"FR-BE\">pour atteindre des volumes de production \u00e9lev\u00e9s qui donnent lieu \u00e0 de bons prix.<\/span>Safety Product a atteint ces objectifs et a lanc\u00e9 le ZIPpole. Nous avons investi dans une ligne de production automatique en Belgique avec une capacit\u00e9 de 90.000 ZIPpoles par an.<\/p>\n<h2 class=\"art-postheader\" style=\"text-align: justify;\">Personnes &#8211; Plan\u00e8te &#8211; Profit<\/h2>\n<div class=\"art-postcontent\">\n<div class=\"art-article\">\n<p dir=\"ltr\" style=\"text-align: justify;\" align=\"justify\"><b><span style=\"color: #ff0000; font-family: Arial; font-size: large;\"><span lang=\"EN\">P<\/span><\/span><span style=\"font-family: Arial; font-size: large;\"><span lang=\"EN\">ersonnes<\/span><\/span><\/b><span lang=\"EN\"><span style=\"font-family: Arial; font-size: small;\">:<\/span><\/span><\/p>\n<p style=\"text-align: justify;\"><span lang=\"EN\"><span style=\"font-family: Arial; font-size: small;\"><span style=\"font-family: Arial; font-size: small;\"><span lang=\"FR-BE\">Ce poteau en acier s\u00e9curis\u00e9 qui offre une s\u00e9curit\u00e9 passive se courbe sous l&#8217;influence de l&#8217;impact et va ralentir le v\u00e9hicule en transf\u00e9rant l&#8217;\u00e9nergie latente depuis les occupants. Le risque de blessures personnelles et\/ou de d\u00e9c\u00e8s est fortement r\u00e9duit.<\/span><\/span><\/span><\/span><\/p>\n<p dir=\"ltr\" style=\"text-align: justify;\" align=\"justify\">\u00a0<b><span style=\"color: #ff0000; font-family: Arial; font-size: large;\"><span style=\"color: #ff0000; font-family: Arial; font-size: large;\"><span style=\"color: #ff0000; font-family: Arial; font-size: large;\"><span lang=\"EN\">P<\/span><\/span><\/span><\/span><span style=\"font-family: Arial; font-size: large;\"><span style=\"font-family: Arial; font-size: large;\"><span style=\"font-family: Arial; font-size: large;\"><span lang=\"EN\">lan\u00e8te<\/span><\/span><\/span><\/span><\/b><span lang=\"EN\"><span style=\"font-family: Arial; font-size: small;\"><span style=\"font-family: Arial; font-size: small;\">:<\/span><\/span><\/span><\/p>\n<p style=\"text-align: justify;\"><span style=\"font-family: Arial; font-size: small;\"><span style=\"font-family: Arial; font-size: small;\"><span lang=\"EN\"><span lang=\"EN\"><span style=\"font-family: Arial; font-size: small;\"><span style=\"font-family: Arial; font-size: small;\"><span lang=\"FR-BE\">&#8211; l&#8217;acier peut \u00eatre recycl\u00e9.<br \/>\n<span style=\"font-family: Arial; font-size: small;\"><span style=\"font-family: Arial; font-size: small;\">&#8211; r\u00e9duction de 50 % de la quantit\u00e9 d&#8217;acier utilis\u00e9e en raison de la composition de l&#8217;acier.<\/span><\/span><br \/>\n<span style=\"font-family: Arial; font-size: small;\"><span style=\"font-family: Arial; font-size: small;\">&#8211; processus de production \u00e0 faibles \u00e9missions utilis\u00e9 dans le processus de production automatis\u00e9 en raison de l&#8217;absence de soudure.<\/span><\/span><\/span><\/span><\/span><\/span><\/span><\/span><\/span><\/p>\n<p dir=\"ltr\" style=\"text-align: justify;\">\u00a0<span lang=\"EN\"><span style=\"font-family: Arial; font-size: small;\"><span style=\"font-family: Arial; font-size: small;\"><span style=\"font-family: Arial; font-size: small;\"><span style=\"font-family: Arial; font-size: small;\"><span lang=\"EN\"><span style=\"font-size: large;\"><span style=\"font-family: Arial;\"><strong><span lang=\"EN\"><span style=\"color: #ff0000;\">P<\/span>rofi<\/span><span lang=\"EN\">t<\/span><\/strong><\/span><\/span><span lang=\"EN\"><span style=\"font-size: small;\"><span style=\"font-family: Arial; font-size: small;\">:<\/span><\/span><\/span><\/span><\/span><\/span><\/span><\/span><\/span><\/p>\n<p style=\"text-align: justify;\"><span lang=\"EN\"><span lang=\"EN\"><span style=\"font-family: Arial; font-size: small;\"><span style=\"font-family: Arial; font-size: small;\"><span style=\"font-family: Arial; font-size: small;\"><span style=\"font-family: Arial; font-size: small;\"><span lang=\"EN\"><span lang=\"FR-BE\">L&#8217;\u00e9paisseur de l&#8217;acier est r\u00e9duite jusqu&#8217;\u00e0 2 mm en sp\u00e9cifiant un degr\u00e9 de traction tr\u00e8s \u00e9lev\u00e9 pour l&#8217;acier. Une quantit\u00e9 moindre de mat\u00e9riau est utilis\u00e9e dans un processus de protection automatis\u00e9, ce qui assure une fixation des prix concurrentielle pour ce niveau d&#8217;innovation et cette livraison d&#8217;application.<\/span><\/span><\/span><\/span><\/span><\/span><\/span><\/span><\/p>\n<\/div>\n<\/div>\n","protected":false},"excerpt":{"rendered":"<p>Au sein de Safety Product, nous sommes un ensemble des personnes diff\u00e9rentes qui veulent toutes combiner les toutes derni\u00e8res technologies, l&#8217;\u00e9conomie, l&#8217;\u00e9thique, les besoins du march\u00e9 et la responsabilit\u00e9 environnementale pour cr\u00e9er de nouveaux produits de grande qualit\u00e9. Safety Product &hellip; <a href=\"https:\/\/zippole.com\/fr\/company\">Continue reading <span class=\"meta-nav\">&rarr;<\/span><\/a><\/p>\n","protected":false},"author":1,"featured_media":0,"parent":0,"menu_order":2,"comment_status":"closed","ping_status":"closed","template":"sidebar-page.php","meta":{"ngg_post_thumbnail":0,"footnotes":""},"class_list":["post-50","page","type-page","status-publish","hentry"],"translation":{"provider":"WPGlobus","version":"3.0.2","language":"fr","enabled_languages":["en","nl","fr","de","es","it","pl","ru","zh"],"languages":{"en":{"title":false,"content":true,"excerpt":false},"nl":{"title":false,"content":true,"excerpt":false},"fr":{"title":false,"content":true,"excerpt":false},"de":{"title":false,"content":true,"excerpt":false},"es":{"title":false,"content":true,"excerpt":false},"it":{"title":false,"content":true,"excerpt":false},"pl":{"title":false,"content":true,"excerpt":false},"ru":{"title":false,"content":true,"excerpt":false},"zh":{"title":false,"content":true,"excerpt":false}}},"aioseo_notices":[],"_links":{"self":[{"href":"https:\/\/zippole.com\/fr\/wp-json\/wp\/v2\/pages\/50","targetHints":{"allow":["GET"]}}],"collection":[{"href":"https:\/\/zippole.com\/fr\/wp-json\/wp\/v2\/pages"}],"about":[{"href":"https:\/\/zippole.com\/fr\/wp-json\/wp\/v2\/types\/page"}],"author":[{"embeddable":true,"href":"https:\/\/zippole.com\/fr\/wp-json\/wp\/v2\/users\/1"}],"replies":[{"embeddable":true,"href":"https:\/\/zippole.com\/fr\/wp-json\/wp\/v2\/comments?post=50"}],"version-history":[{"count":25,"href":"https:\/\/zippole.com\/fr\/wp-json\/wp\/v2\/pages\/50\/revisions"}],"predecessor-version":[{"id":2160,"href":"https:\/\/zippole.com\/fr\/wp-json\/wp\/v2\/pages\/50\/revisions\/2160"}],"wp:attachment":[{"href":"https:\/\/zippole.com\/fr\/wp-json\/wp\/v2\/media?parent=50"}],"curies":[{"name":"wp","href":"https:\/\/api.w.org\/{rel}","templated":true}]}}