{"id":2491,"date":"2023-08-01T13:18:46","date_gmt":"2023-08-01T10:18:46","guid":{"rendered":"https:\/\/zippole.com\/?page_id=2491"},"modified":"2023-08-01T13:18:13","modified_gmt":"2023-08-01T10:18:13","slug":"research","status":"publish","type":"page","link":"https:\/\/zippole.com\/fr\/research","title":{"rendered":"Recherche"},"content":{"rendered":"<p>Recherche scientifique sur l&#8217;influence des poteaux HE (High Energy absorbing poles) conform\u00e9ment \u00e0 la norme EN12767 sur la gravit\u00e9 des accidents de sortie de route (ROR) en Belgique !<\/p>\n<p>Nous savons que nos poteaux ZIP sauvent des vies. Nous recevons de nombreuses photos et rapports d&#8217;accidents r\u00e9els.<br \/>\nCependant, aucune \u00e9tude scientifique n&#8217;a encore explor\u00e9 l&#8217;effet des poteaux de s\u00e9curit\u00e9 passive sur les accidents ROR en Belgique.<\/p>\n<p>En 2021, LNEC et VIAS ont commenc\u00e9 \u00e0 d\u00e9velopper une \u00e9tude pour examiner l&#8217;influence des poteaux de s\u00e9curit\u00e9 passive \u00e0 absorption d&#8217;\u00e9nergie \u00e9lev\u00e9e sur la gravit\u00e9 des accidents de sortie de route en Belgique. Safety Product nv a financ\u00e9 la recherche.<\/p>\n<p>Les r\u00e9sultats de cette \u00e9tude prouvent que les poteaux de s\u00e9curit\u00e9 passive \u00e0 absorption d&#8217;\u00e9nergie \u00e9lev\u00e9e (conformes \u00e0 la norme EN 12767 HE) contribuent \u00e0 des blessures mineures. L&#8217;\u00e9tude indique \u00e9galement qu&#8217;il est important de prot\u00e9ger les v\u00e9hicules errants contre les poteaux traditionnels, car ceux-ci sont li\u00e9s \u00e0 des blessures graves.<\/p>\n<p><a href=\"https:\/\/zippole.com\/wp-content\/uploads\/2023\/08\/study-on-the-influence-of-he-passive-safe-poles-in-ror-crash-severity-lnec-vias-june-2023-pdf.pdf\" rel=\"noopener\" target=\"_blank\">t\u00e9l\u00e9charger le rapport complet<\/a><\/p>\n<p>Publi\u00e9 dans le Journal of Safety Research, octobre 2024.<\/p>\n","protected":false},"excerpt":{"rendered":"<p>Recherche scientifique sur l&#8217;influence des poteaux HE (High Energy absorbing poles) conform\u00e9ment \u00e0 la norme EN12767 sur la gravit\u00e9 des accidents de sortie de route (ROR) en Belgique ! Nous savons que nos poteaux ZIP sauvent des vies. Nous recevons &hellip; <a href=\"https:\/\/zippole.com\/fr\/research\">Continue reading <span class=\"meta-nav\">&rarr;<\/span><\/a><\/p>\n","protected":false},"author":1,"featured_media":0,"parent":0,"menu_order":0,"comment_status":"closed","ping_status":"closed","template":"","meta":{"ngg_post_thumbnail":0,"footnotes":""},"class_list":["post-2491","page","type-page","status-publish","hentry"],"translation":{"provider":"WPGlobus","version":"3.0.2","language":"fr","enabled_languages":["en","nl","fr","de","es","it","pl","ru","zh"],"languages":{"en":{"title":true,"content":true,"excerpt":false},"nl":{"title":true,"content":true,"excerpt":false},"fr":{"title":true,"content":true,"excerpt":false},"de":{"title":true,"content":true,"excerpt":false},"es":{"title":true,"content":true,"excerpt":false},"it":{"title":true,"content":true,"excerpt":false},"pl":{"title":true,"content":true,"excerpt":false},"ru":{"title":true,"content":true,"excerpt":false},"zh":{"title":true,"content":true,"excerpt":false}}},"aioseo_notices":[],"_links":{"self":[{"href":"https:\/\/zippole.com\/fr\/wp-json\/wp\/v2\/pages\/2491","targetHints":{"allow":["GET"]}}],"collection":[{"href":"https:\/\/zippole.com\/fr\/wp-json\/wp\/v2\/pages"}],"about":[{"href":"https:\/\/zippole.com\/fr\/wp-json\/wp\/v2\/types\/page"}],"author":[{"embeddable":true,"href":"https:\/\/zippole.com\/fr\/wp-json\/wp\/v2\/users\/1"}],"replies":[{"embeddable":true,"href":"https:\/\/zippole.com\/fr\/wp-json\/wp\/v2\/comments?post=2491"}],"version-history":[{"count":12,"href":"https:\/\/zippole.com\/fr\/wp-json\/wp\/v2\/pages\/2491\/revisions"}],"predecessor-version":[{"id":2714,"href":"https:\/\/zippole.com\/fr\/wp-json\/wp\/v2\/pages\/2491\/revisions\/2714"}],"wp:attachment":[{"href":"https:\/\/zippole.com\/fr\/wp-json\/wp\/v2\/media?parent=2491"}],"curies":[{"name":"wp","href":"https:\/\/api.w.org\/{rel}","templated":true}]}}