{"id":2135,"date":"2020-05-08T16:52:53","date_gmt":"2020-05-08T13:52:53","guid":{"rendered":"http:\/\/zippole.com\/?page_id=2135"},"modified":"2021-11-24T18:44:33","modified_gmt":"2021-11-24T15:44:33","slug":"be-a-hero","status":"publish","type":"page","link":"https:\/\/zippole.com\/fr\/be-a-hero","title":{"rendered":"Soyez un h\u00e9ros"},"content":{"rendered":"<p><span style=\"font-size: medium;\"><span lang=\"fr-BE\"><b>Une pr\u00e9occupation croissante pour la sant\u00e9 publique<\/b><\/span><\/span><\/p>\n<p><span style=\"font-size: medium;\"><span lang=\"fr-BE\">Les accidents de la route font chaque ann\u00e9e 1,25 million de morts et 50 millions de bless\u00e9s dans le monde. Il s&#8217;agit d&#8217;une immense quantit\u00e9 de souffrance humaine et la plupart de cette v\u00e9ritable horreur peut \u00eatre \u00e9vit\u00e9e en am\u00e9liorant la s\u00e9curit\u00e9 routi\u00e8re. La principale cause de d\u00e9c\u00e8s des jeunes \u00e2g\u00e9s de 15 \u00e0 29 ans est un accident de la route! Actuellement, les conducteurs risquent leur vie \u00e0 cause des poteaux d&#8217;\u00e9clairage dangereux sur vos routes et autoroutes. <\/span><\/span><\/p>\n<p><span style=\"font-size: medium;\"><span lang=\"fr-BE\">Heureusement, vous pouvez maintenant soulager une grande partie de cette douleur insupportable, du fardeau du deuil personnel et du terrible impact que portent les conjoints et les enfants survivants. En outre, vous \u00e9conomiserez les ressources hospitali\u00e8res et la perte de potentiel \u00e9conomique de votre communaut\u00e9. <\/span><\/span><\/p>\n<p><span style=\"font-size: medium;\"><span lang=\"fr-BE\">Bien s\u00fbr, il est logique que les gens soient plus attentifs lorsqu&#8217;ils conduisent, qu&#8217;ils roulent moins vite lorsqu&#8217;on leur donne des instructions et qu&#8217;ils soient de meilleurs conducteurs, mais les gens sont souvent n\u00e9gligents. Les autorit\u00e9s routi\u00e8res doivent donc prendre des mesures et r\u00e9duire le risque en rempla\u00e7ant les poteaux rigides par des poteaux \u00e0 s\u00e9curit\u00e9 passive qui absorbent l&#8217;impact. Cette action permettra d&#8217;\u00e9viter des blessures graves aux conducteurs et \u00e0 leurs passagers. Vous pouvez \u00eatre un h\u00e9ros pour les familles de votre communaut\u00e9 en faisant le bon choix. <\/span><\/span><\/p>\n<p><span style=\"font-size: medium;\"><span lang=\"fr-BE\"><b>R\u00e9duire la vitesse n&#8217;est pas suffisant<\/b><\/span><\/span><\/p>\n<p><span style=\"font-size: medium;\"><span lang=\"fr-BE\">En tant qu&#8217;expert en s\u00e9curit\u00e9 routi\u00e8re, vous savez que les gens ne respectent pas toujours les panneaux de signalisation. La plupart des gens conduisent au-dessus de la vitesse autoris\u00e9e parce qu&#8217;ils sont press\u00e9s ou inattentifs. Les conducteurs risquent un accident de voiture ou la mort en roulant trop vite &#8230; ou un animal traverse soudainement la route ou la voiture qui pr\u00e9c\u00e8de fait un mouvement inattendu &#8230; <\/span><\/span><\/p>\n<p><span style=\"font-size: medium;\"><span lang=\"fr-BE\">Par cons\u00e9quent, les poteaux d&#8217;\u00e9clairage ne devraient pas augmenter le risque de conduite. Une collision avec un poteau rigide \u00e0 une vitesse de 50 km\/h peut provoquer un accident mortel, m\u00eame dans une voiture \u00e9quip\u00e9e de dispositifs de s\u00e9curit\u00e9 tels que des airbags. Lorsqu&#8217;un conducteur roule \u00e0 50 km\/h et qu&#8217;il s&#8217;arr\u00eate imm\u00e9diatement, cela a un impact sur le corps humain. Les forces G r\u00e9sultantes sont absorb\u00e9es par les organes internes, qui implosent \u00e0 leur tour sous l&#8217;effet du choc. Il en r\u00e9sulte des l\u00e9sions internes qui peuvent entra\u00eener une hospitalisation ou la mort. <\/span><\/span><\/p>\n<p><span style=\"font-size: medium;\"><span lang=\"fr-BE\">Avec ZIPpoles, l&#8217;\u00e9nergie de l&#8217;accident n&#8217;est pas absorb\u00e9e par le corps humain mais par ce poteau \u00e0 s\u00e9curit\u00e9 passive, prot\u00e9geant ainsi le conducteur et les passagers contre les blessures ou la mort. Les ZIPpoles absorbent beaucoup d&#8217;\u00e9nergie. Cela signifie que les poteaux d\u00e9c\u00e9l\u00e8rent le v\u00e9hicule de mani\u00e8re contr\u00f4l\u00e9e et emp\u00eachent l&#8217;impact des blessures humaines. C&#8217;est pourquoi il est si important de remplacer progressivement les poteaux rigides de votre r\u00e9gion. <\/span><\/span><\/p>\n<p><span style=\"font-size: medium;\"><span lang=\"fr-BE\"><b>Un investissement judicieux qui se d\u00e9veloppe progressivement<\/b><\/span><\/span><\/p>\n<p><span style=\"font-size: medium;\"><span lang=\"fr-BE\">Investir dans la sant\u00e9 et la s\u00e9curit\u00e9 de votre communaut\u00e9 est toujours un choix judicieux, mais les ressources sont souvent limit\u00e9es. Pourtant, vous pouvez faire une grande diff\u00e9rence en rempla\u00e7ant progressivement les poteaux inflexibles aux endroits les plus critiques du trafic. <\/span><\/span><\/p>\n<p><span style=\"font-size: medium;\"><span lang=\"fr-BE\">En tant que responsable de la s\u00e9curit\u00e9 routi\u00e8re, vous devez \u00e9tablir des priorit\u00e9s dans votre budget. \u00c0 l&#8217;aide de vos donn\u00e9es, identifiez les aires d&#8217;autoroute o\u00f9 se produisent le plus d&#8217;accidents et remplacez d&#8217;abord ces poteaux rigides. <\/span><\/span><\/p>\n<p><span style=\"font-size: medium;\"><span lang=\"fr-BE\">La cause d&#8217;un accident ou d&#8217;une m\u00e9saventure peut \u00eatre imputable au conducteur, mais vous pouvez le prot\u00e9ger d&#8217;un d\u00e9sastre inutile. La diminution du nombre de morts et de bless\u00e9s sur vos routes est la preuve que vous faites un excellent travail, ce qui ne manquera pas de profiter \u00e0 votre carri\u00e8re et \u00e0 vos performances professionnelles annuelles. <\/span><\/span><\/p>\n<p><span style=\"font-size: medium;\"><span lang=\"fr-BE\">Optez pour le changement et identifiez les zones prioritaires de votre r\u00e9seau routier et investissez dans votre communaut\u00e9 en fixant un budget sp\u00e9cifique pour le remplacement progressif des poteaux rigides par des ZIPpoles. Au fur et \u00e0 mesure que les statistiques de trafic n\u00e9gatif diminuent, la communaut\u00e9 vous sera de plus en plus reconnaissante pour cet investissement. <\/span><\/span><\/p>\n<p><span lang=\"fr-BE\"><b>Solide, r\u00e9silient et respectueux de l&#8217;environnement<\/b><\/span><\/p>\n<p><span lang=\"fr-BE\">L&#8217;acier haute r\u00e9sistance des poteaux ZIPpoles offre la durabilit\u00e9 dont vous avez besoin pour une longue dur\u00e9e de vie du poteau. En m\u00eame temps, il offre la souplesse n\u00e9cessaire pour absorber un impact, r\u00e9duisant ainsi consid\u00e9rablement le risque de blessures graves et de d\u00e9c\u00e8s. Les poteaux ZIP se plient \u00e0 l&#8217;impact d&#8217;un v\u00e9hicule et r\u00e9duisent l&#8217;\u00e9lan de mani\u00e8re contr\u00f4l\u00e9e.<\/span><\/p>\n<p><span lang=\"fr-BE\">Percuter un arbre peut m\u00eame s&#8217;av\u00e9rer fatal \u00e0 faible vitesse, mais percuter un ZIPpole favorable aux accidents r\u00e9duit le risque de blessure et de d\u00e9c\u00e8s apr\u00e8s un impact.<\/span><\/p>\n<p><span lang=\"fr-BE\">Un avantage suppl\u00e9mentaire est que le ZIPpole en acier est r\u00e9sistant \u00e0 la corrosion et r\u00e9duit consid\u00e9rablement le ruissellement du zinc. Cela fait de ZIPpole un choix respectueux de l&#8217;environnement, ce qui est un grand plus \u00e9cologique dans la conscience politique et sociale actuelle. Les poteaux ZIP sont homologu\u00e9s CE conform\u00e9ment aux normes EN40, EN12899 et EN12767. <\/span><\/p>\n<p><span lang=\"fr-BE\">Vous pouvez commencer \u00e0 sauver des vies d\u00e8s aujourd&#8217;hui en prenant une d\u00e9cision strat\u00e9gique et en incluant les ZIPpoles dans votre budget. Votre communaut\u00e9 vous remerciera de prendre si bien soin d&#8217;elle.<\/span><\/p>\n<p><span lang=\"fr-BE\"><b>La meilleure approche consiste \u00e0 proc\u00e9der \u00e9tape par \u00e9tape<\/b><\/span><\/p>\n<p><span lang=\"fr-BE\">Votre communaut\u00e9 vous fait confiance pour prendre les meilleures d\u00e9cisions pour sa s\u00e9curit\u00e9. Ils comprennent que les ressources sont limit\u00e9es et, comme vous, ils doivent prendre les meilleures d\u00e9cisions avec les ressources dont ils disposent. <\/span><\/p>\n<p><span lang=\"fr-BE\">C&#8217;est le moment id\u00e9al pour montrer \u00e0 votre communaut\u00e9 que vous avez ses int\u00e9r\u00eats \u00e0 c\u0153ur en rempla\u00e7ant les poteaux inflexibles par des poteaux ZIP solides et r\u00e9sistants. Ceux-ci prolongent la distance de freinage en raison de leur nature absorbante. Cela r\u00e9duit la gravit\u00e9 des blessures humaines et rend la mort moins probable.<\/span><\/p>\n<p><span lang=\"fr-BE\">Bien que nous ne puissions pas pr\u00e9venir les accidents, le remplacement des obstacles routiers qui peuvent blesser et tuer des personnes est une priorit\u00e9. Personne n&#8217;attend de vous que vous remplaciez imm\u00e9diatement tous les poteaux. Mais si vous le faites pas \u00e0 pas et poteau par poteau, votre communaut\u00e9 s&#8217;en trouvera consid\u00e9rablement am\u00e9lior\u00e9e, gr\u00e2ce \u00e0 vous. <\/span><\/p>\n<p><span lang=\"fr-BE\">Bien que les poteaux \u00e0 s\u00e9curit\u00e9 passive soient plus co\u00fbteux, le co\u00fbt en vies humaines et en blessures l&#8217;est encore plus. En choisissant des poteaux absorbant l&#8217;\u00e9nergie, vous am\u00e9liorez votre service au public &#8230; ce que votre communaut\u00e9 attend. Imaginez leur gratitude et leur respect parce que vous avez agi dans leur int\u00e9r\u00eat. <\/span><\/p>\n","protected":false},"excerpt":{"rendered":"<p>Une pr\u00e9occupation croissante pour la sant\u00e9 publique Les accidents de la route font chaque ann\u00e9e 1,25 million de morts et 50 millions de bless\u00e9s dans le monde. Il s&#8217;agit d&#8217;une immense quantit\u00e9 de souffrance humaine et la plupart de cette &hellip; <a href=\"https:\/\/zippole.com\/fr\/be-a-hero\">Continue reading <span class=\"meta-nav\">&rarr;<\/span><\/a><\/p>\n","protected":false},"author":1,"featured_media":0,"parent":0,"menu_order":0,"comment_status":"closed","ping_status":"closed","template":"","meta":{"ngg_post_thumbnail":0,"footnotes":""},"class_list":["post-2135","page","type-page","status-publish","hentry"],"translation":{"provider":"WPGlobus","version":"3.0.2","language":"fr","enabled_languages":["en","nl","fr","de","es","it","pl","ru","zh"],"languages":{"en":{"title":true,"content":true,"excerpt":false},"nl":{"title":true,"content":true,"excerpt":false},"fr":{"title":true,"content":true,"excerpt":false},"de":{"title":false,"content":false,"excerpt":false},"es":{"title":false,"content":false,"excerpt":false},"it":{"title":false,"content":false,"excerpt":false},"pl":{"title":false,"content":false,"excerpt":false},"ru":{"title":false,"content":false,"excerpt":false},"zh":{"title":false,"content":false,"excerpt":false}}},"aioseo_notices":[],"_links":{"self":[{"href":"https:\/\/zippole.com\/fr\/wp-json\/wp\/v2\/pages\/2135","targetHints":{"allow":["GET"]}}],"collection":[{"href":"https:\/\/zippole.com\/fr\/wp-json\/wp\/v2\/pages"}],"about":[{"href":"https:\/\/zippole.com\/fr\/wp-json\/wp\/v2\/types\/page"}],"author":[{"embeddable":true,"href":"https:\/\/zippole.com\/fr\/wp-json\/wp\/v2\/users\/1"}],"replies":[{"embeddable":true,"href":"https:\/\/zippole.com\/fr\/wp-json\/wp\/v2\/comments?post=2135"}],"version-history":[{"count":16,"href":"https:\/\/zippole.com\/fr\/wp-json\/wp\/v2\/pages\/2135\/revisions"}],"predecessor-version":[{"id":2426,"href":"https:\/\/zippole.com\/fr\/wp-json\/wp\/v2\/pages\/2135\/revisions\/2426"}],"wp:attachment":[{"href":"https:\/\/zippole.com\/fr\/wp-json\/wp\/v2\/media?parent=2135"}],"curies":[{"name":"wp","href":"https:\/\/api.w.org\/{rel}","templated":true}]}}