{"id":143,"date":"2015-08-28T16:54:41","date_gmt":"2015-08-28T13:54:41","guid":{"rendered":"http:\/\/localhost\/zippole\/?page_id=143"},"modified":"2020-05-08T17:39:45","modified_gmt":"2020-05-08T14:39:45","slug":"magnelis","status":"publish","type":"page","link":"https:\/\/zippole.com\/fr\/magnelis","title":{"rendered":""},"content":{"rendered":"<p dir=\"ltr\" align=\"left\"><strong>Le ZIPpole est prot\u00e9g\u00e9 contre la corrosion avec Magnelis ou selon le norm EN1461.<\/strong><\/p>\n<p><span lang=\"FR-BE\">Magnelis est un exceptionnel rev\u00eatement m\u00e9tallique de l&#8217;acier, qui fournit une protection de la surface contre l&#8217;usure de long terme.<\/span><\/p>\n<p style=\"text-align: justify;\"><a href=\"http:\/\/zippole.com\/wp-content\/uploads\/2015\/09\/magnelis-28-kl-ned.jpg\"><img loading=\"lazy\" decoding=\"async\" class=\"size-medium wp-image-511 alignleft\" src=\"http:\/\/zippole.com\/wp-content\/uploads\/2015\/09\/magnelis-28-kl-ned-212x300.jpg\" alt=\"magnelis 28 kl ned\" width=\"212\" height=\"300\" srcset=\"https:\/\/zippole.com\/wp-content\/uploads\/2015\/09\/magnelis-28-kl-ned-212x300.jpg 212w, https:\/\/zippole.com\/wp-content\/uploads\/2015\/09\/magnelis-28-kl-ned.jpg 657w\" sizes=\"auto, (max-width: 212px) 100vw, 212px\" \/><\/a><\/p>\n<div class=\"art-postcontent\">\n<ul>\n<li dir=\"ltr\"><span lang=\"FR-BE\">\u00a0Les meilleures performances de r\u00e9sistance \u00e0 la corrosion ; jusqu&#8217;\u00e0 10 fois mieux que l&#8217;acier galvanis\u00e9.<\/span><\/li>\n<li dir=\"ltr\"><span lang=\"FR-BE\">\u00a0Environnementalement responsable ; Magnelis r\u00e9duit consid\u00e9rablement les coulures de zinc dans les sols.<\/span><\/li>\n<\/ul>\n<p style=\"text-align: justify;\">\n<\/div>\n<div class=\"art-postcontent\" style=\"text-align: left;\">\u00a0<a href=\"http:\/\/industry.arcelormittal.com\/magnelis\" target=\"_blank\">Cliquez ici pour obtenir de plus amples informations<\/a><\/div>\n<div class=\"art-postcontent\" style=\"text-align: left;\"><\/div>\n","protected":false},"excerpt":{"rendered":"<p>Le ZIPpole est prot\u00e9g\u00e9 contre la corrosion avec Magnelis ou selon le norm EN1461. Magnelis est un exceptionnel rev\u00eatement m\u00e9tallique de l&#8217;acier, qui fournit une protection de la surface contre l&#8217;usure de long terme. \u00a0Les meilleures performances de r\u00e9sistance \u00e0 &hellip; <a href=\"https:\/\/zippole.com\/fr\/magnelis\">Continue reading <span class=\"meta-nav\">&rarr;<\/span><\/a><\/p>\n","protected":false},"author":1,"featured_media":0,"parent":0,"menu_order":0,"comment_status":"closed","ping_status":"closed","template":"sidebar-page.php","meta":{"ngg_post_thumbnail":0,"footnotes":""},"class_list":["post-143","page","type-page","status-publish","hentry"],"translation":{"provider":"WPGlobus","version":"3.0.2","language":"fr","enabled_languages":["en","nl","fr","de","es","it","pl","ru","zh"],"languages":{"en":{"title":false,"content":true,"excerpt":false},"nl":{"title":false,"content":true,"excerpt":false},"fr":{"title":false,"content":true,"excerpt":false},"de":{"title":false,"content":true,"excerpt":false},"es":{"title":false,"content":true,"excerpt":false},"it":{"title":false,"content":true,"excerpt":false},"pl":{"title":false,"content":true,"excerpt":false},"ru":{"title":false,"content":true,"excerpt":false},"zh":{"title":false,"content":true,"excerpt":false}}},"aioseo_notices":[],"_links":{"self":[{"href":"https:\/\/zippole.com\/fr\/wp-json\/wp\/v2\/pages\/143","targetHints":{"allow":["GET"]}}],"collection":[{"href":"https:\/\/zippole.com\/fr\/wp-json\/wp\/v2\/pages"}],"about":[{"href":"https:\/\/zippole.com\/fr\/wp-json\/wp\/v2\/types\/page"}],"author":[{"embeddable":true,"href":"https:\/\/zippole.com\/fr\/wp-json\/wp\/v2\/users\/1"}],"replies":[{"embeddable":true,"href":"https:\/\/zippole.com\/fr\/wp-json\/wp\/v2\/comments?post=143"}],"version-history":[{"count":15,"href":"https:\/\/zippole.com\/fr\/wp-json\/wp\/v2\/pages\/143\/revisions"}],"predecessor-version":[{"id":2162,"href":"https:\/\/zippole.com\/fr\/wp-json\/wp\/v2\/pages\/143\/revisions\/2162"}],"wp:attachment":[{"href":"https:\/\/zippole.com\/fr\/wp-json\/wp\/v2\/media?parent=143"}],"curies":[{"name":"wp","href":"https:\/\/api.w.org\/{rel}","templated":true}]}}