{"id":141,"date":"2015-08-28T16:54:22","date_gmt":"2015-08-28T13:54:22","guid":{"rendered":"http:\/\/localhost\/zippole\/?page_id=141"},"modified":"2026-02-23T11:45:25","modified_gmt":"2026-02-23T08:45:25","slug":"products","status":"publish","type":"page","link":"https:\/\/zippole.com\/fr\/products","title":{"rendered":""},"content":{"rendered":"\n\t\t<style type=\"text\/css\">\n\t\t\t#gallery-1 {\n\t\t\t\tmargin: auto;\n\t\t\t}\n\t\t\t#gallery-1 .gallery-item {\n\t\t\t\tfloat: left;\n\t\t\t\tmargin-top: 10px;\n\t\t\t\ttext-align: center;\n\t\t\t\twidth: 25%;\n\t\t\t}\n\t\t\t#gallery-1 img {\n\t\t\t\tborder: 2px solid #cfcfcf;\n\t\t\t}\n\t\t\t#gallery-1 .gallery-caption {\n\t\t\t\tmargin-left: 0;\n\t\t\t}\n\t\t\t\/* see gallery_shortcode() in wp-includes\/media.php *\/\n\t\t<\/style>\n\t\t<div id='gallery-1' class='gallery galleryid-141 gallery-columns-4 gallery-size-medium'><dl class='gallery-item'>\n\t\t\t<dt class='gallery-icon portrait'>\n\t\t\t\t<img loading=\"lazy\" decoding=\"async\" width=\"204\" height=\"300\" src=\"https:\/\/zippole.com\/wp-content\/uploads\/2015\/08\/foto12-schaduw-204x300.jpg\" class=\"attachment-medium size-medium\" alt=\"\" srcset=\"https:\/\/zippole.com\/wp-content\/uploads\/2015\/08\/foto12-schaduw-204x300.jpg 204w, https:\/\/zippole.com\/wp-content\/uploads\/2015\/08\/foto12-schaduw.jpg 417w\" sizes=\"auto, (max-width: 204px) 100vw, 204px\" \/>\n\t\t\t<\/dt><\/dl><dl class='gallery-item'>\n\t\t\t<dt class='gallery-icon portrait'>\n\t\t\t\t<img loading=\"lazy\" decoding=\"async\" width=\"204\" height=\"300\" src=\"https:\/\/zippole.com\/wp-content\/uploads\/2026\/02\/bracoprojetado-products-204x300.webp\" class=\"attachment-medium size-medium\" alt=\"\" srcset=\"https:\/\/zippole.com\/wp-content\/uploads\/2026\/02\/bracoprojetado-products-204x300.webp 204w, https:\/\/zippole.com\/wp-content\/uploads\/2026\/02\/bracoprojetado-products.webp 417w\" sizes=\"auto, (max-width: 204px) 100vw, 204px\" \/>\n\t\t\t<\/dt><\/dl><dl class='gallery-item'>\n\t\t\t<dt class='gallery-icon portrait'>\n\t\t\t\t<img loading=\"lazy\" decoding=\"async\" width=\"203\" height=\"300\" src=\"https:\/\/zippole.com\/wp-content\/uploads\/2023\/02\/traffic-light-zp3xl-d-203x300.png\" class=\"attachment-medium size-medium\" alt=\"\" srcset=\"https:\/\/zippole.com\/wp-content\/uploads\/2023\/02\/traffic-light-zp3xl-d-203x300.png 203w, https:\/\/zippole.com\/wp-content\/uploads\/2023\/02\/traffic-light-zp3xl-d.png 664w\" sizes=\"auto, (max-width: 203px) 100vw, 203px\" \/>\n\t\t\t<\/dt><\/dl><dl class='gallery-item'>\n\t\t\t<dt class='gallery-icon portrait'>\n\t\t\t\t<img loading=\"lazy\" decoding=\"async\" width=\"120\" height=\"181\" src=\"https:\/\/zippole.com\/wp-content\/uploads\/2023\/02\/weert-n280-4.png\" class=\"attachment-medium size-medium\" alt=\"\" \/>\n\t\t\t<\/dt><\/dl><br style=\"clear: both\" \/>\n\t\t<\/div>\n\n<h2 class=\"art-postheader\" style=\"text-align: justify;\">Pour la s\u00e9curit\u00e9 routi\u00e8re, utilisez toujours<\/h2>\n<p style=\"text-align: justify;\"><strong>ZIPpole<\/strong><\/p>\n<p style=\"text-align: justify;\">\u00a0\u00a0\u00a0\u00a0\u00a0\u00a0\u00a0\u00a0\u00a0 \u00a0&#8211; pour tous les types d&#8217;infrastructures routi\u00e8res<\/p>\n<p style=\"text-align: justify;\">\u00a0\u00a0\u00a0\u00a0\u00a0\u00a0 \u00a0\u00a0\u00a0 &#8211; pour tous les sols<\/p>\n<p style=\"text-align: justify;\">\u00a0\u00a0\u00a0\u00a0\u00a0\u00a0 \u00a0\u00a0\u00a0 &#8211; c\u00e8de dans toutes les directions, toujours s\u00e9curis\u00e9<\/p>\n<p style=\"text-align: justify;\">\u00a0\u00a0\u00a0\u00a0\u00a0 \u00a0\u00a0\u00a0\u00a0 &#8211; jusqu&#8217;\u00e0 20 m<\/p>\n<p style=\"text-align: justify;\">\u00a0\u00a0\u00a0\u00a0\u00a0\u00a0 \u00a0\u00a0\u00a0 &#8211; r\u00e9siste aux vents importants<\/p>\n<p style=\"text-align: justify;\">\u00a0\u00a0\u00a0\u00a0\u00a0 \u00a0\u00a0\u00a0\u00a0 &#8211; approuv\u00e9 pour toutes les classes de s\u00e9curit\u00e9, HE &#8211; LE et NE<\/p>\n<p style=\"text-align: justify;\">L&#8217;installation d&#8217;un poteau de s\u00e9curit\u00e9 passif fait toujours partie des caract\u00e9ristiques de s\u00e9curit\u00e9 passives. Peu importe la mani\u00e8re dont le poteau ZIP est install\u00e9, lorsqu&#8217;il est touch\u00e9 par une voiture, il va toujours c\u00e9der. Le poteau ZIP sera toujours s\u00e9curis\u00e9.<\/p>\n<p style=\"text-align: justify;\">La classe de s\u00e9curit\u00e9 obtenue va d\u00e9pendre de la m\u00e9thode d&#8217;installation choisie. Afin d&#8217;atteindre l&#8217;absorption d&#8217;\u00e9nergie la plus \u00e9lev\u00e9e, pour ralentir la voiture le plus possible, il vaut mieux fixer le poteau ZIP en dessous du niveau du sol.<\/p>\n\n\t\t<style type=\"text\/css\">\n\t\t\t#gallery-2 {\n\t\t\t\tmargin: auto;\n\t\t\t}\n\t\t\t#gallery-2 .gallery-item {\n\t\t\t\tfloat: left;\n\t\t\t\tmargin-top: 10px;\n\t\t\t\ttext-align: center;\n\t\t\t\twidth: 25%;\n\t\t\t}\n\t\t\t#gallery-2 img {\n\t\t\t\tborder: 2px solid #cfcfcf;\n\t\t\t}\n\t\t\t#gallery-2 .gallery-caption {\n\t\t\t\tmargin-left: 0;\n\t\t\t}\n\t\t\t\/* see gallery_shortcode() in wp-includes\/media.php *\/\n\t\t<\/style>\n\t\t<div id='gallery-2' class='gallery galleryid-141 gallery-columns-4 gallery-size-medium'><dl class='gallery-item'>\n\t\t\t<dt class='gallery-icon portrait'>\n\t\t\t\t<img loading=\"lazy\" decoding=\"async\" width=\"204\" height=\"300\" src=\"https:\/\/zippole.com\/wp-content\/uploads\/2015\/08\/foto7-schaduw-204x300.jpg\" class=\"attachment-medium size-medium\" alt=\"\" srcset=\"https:\/\/zippole.com\/wp-content\/uploads\/2015\/08\/foto7-schaduw-204x300.jpg 204w, https:\/\/zippole.com\/wp-content\/uploads\/2015\/08\/foto7-schaduw.jpg 417w\" sizes=\"auto, (max-width: 204px) 100vw, 204px\" \/>\n\t\t\t<\/dt><\/dl><dl class='gallery-item'>\n\t\t\t<dt class='gallery-icon portrait'>\n\t\t\t\t<img loading=\"lazy\" decoding=\"async\" width=\"175\" height=\"300\" src=\"https:\/\/zippole.com\/wp-content\/uploads\/2023\/02\/anpr-on-zippole-175x300.jpg\" class=\"attachment-medium size-medium\" alt=\"\" srcset=\"https:\/\/zippole.com\/wp-content\/uploads\/2023\/02\/anpr-on-zippole-175x300.jpg 175w, https:\/\/zippole.com\/wp-content\/uploads\/2023\/02\/anpr-on-zippole-599x1024.jpg 599w, https:\/\/zippole.com\/wp-content\/uploads\/2023\/02\/anpr-on-zippole-768x1313.jpg 768w, https:\/\/zippole.com\/wp-content\/uploads\/2023\/02\/anpr-on-zippole-899x1536.jpg 899w, https:\/\/zippole.com\/wp-content\/uploads\/2023\/02\/anpr-on-zippole-1198x2048.jpg 1198w, https:\/\/zippole.com\/wp-content\/uploads\/2023\/02\/anpr-on-zippole-scaled.jpg 1498w\" sizes=\"auto, (max-width: 175px) 100vw, 175px\" \/>\n\t\t\t<\/dt><\/dl><dl class='gallery-item'>\n\t\t\t<dt class='gallery-icon portrait'>\n\t\t\t\t<img loading=\"lazy\" decoding=\"async\" width=\"146\" height=\"300\" src=\"https:\/\/zippole.com\/wp-content\/uploads\/2023\/02\/green-zippole-july-2022-146x300.jpg\" class=\"attachment-medium size-medium\" alt=\"\" srcset=\"https:\/\/zippole.com\/wp-content\/uploads\/2023\/02\/green-zippole-july-2022-146x300.jpg 146w, https:\/\/zippole.com\/wp-content\/uploads\/2023\/02\/green-zippole-july-2022-499x1024.jpg 499w, https:\/\/zippole.com\/wp-content\/uploads\/2023\/02\/green-zippole-july-2022-768x1576.jpg 768w, https:\/\/zippole.com\/wp-content\/uploads\/2023\/02\/green-zippole-july-2022-749x1536.jpg 749w, https:\/\/zippole.com\/wp-content\/uploads\/2023\/02\/green-zippole-july-2022-998x2048.jpg 998w, https:\/\/zippole.com\/wp-content\/uploads\/2023\/02\/green-zippole-july-2022-scaled.jpg 1248w\" sizes=\"auto, (max-width: 146px) 100vw, 146px\" \/>\n\t\t\t<\/dt><\/dl><dl class='gallery-item'>\n\t\t\t<dt class='gallery-icon portrait'>\n\t\t\t\t<img loading=\"lazy\" decoding=\"async\" width=\"134\" height=\"150\" src=\"https:\/\/zippole.com\/wp-content\/uploads\/2023\/02\/zonnepaneel-fonroche-e1675937269221.jpg\" class=\"attachment-medium size-medium\" alt=\"\" \/>\n\t\t\t<\/dt><\/dl><br style=\"clear: both\" \/>\n\t\t<\/div>\n\n<hr \/>\n<p><a href=\"https:\/\/zippole.com\/wp-content\/uploads\/2024\/12\/en12767-zippole-and-zippole3xl-pdf-v01.pdf\" rel=\"noopener noreferrer\" target=\"_blank\">Read more about how and where to use passive safe poles<\/a><\/p>\n","protected":false},"excerpt":{"rendered":"<p>Pour la s\u00e9curit\u00e9 routi\u00e8re, utilisez toujours ZIPpole \u00a0\u00a0\u00a0\u00a0\u00a0\u00a0\u00a0\u00a0\u00a0 \u00a0&#8211; pour tous les types d&#8217;infrastructures routi\u00e8res \u00a0\u00a0\u00a0\u00a0\u00a0\u00a0 \u00a0\u00a0\u00a0 &#8211; pour tous les sols \u00a0\u00a0\u00a0\u00a0\u00a0\u00a0 \u00a0\u00a0\u00a0 &#8211; c\u00e8de dans toutes les directions, toujours s\u00e9curis\u00e9 \u00a0\u00a0\u00a0\u00a0\u00a0 \u00a0\u00a0\u00a0\u00a0 &#8211; jusqu&#8217;\u00e0 20 m \u00a0\u00a0\u00a0\u00a0\u00a0\u00a0 \u00a0\u00a0\u00a0 &hellip; <a href=\"https:\/\/zippole.com\/fr\/products\">Continue reading <span class=\"meta-nav\">&rarr;<\/span><\/a><\/p>\n","protected":false},"author":1,"featured_media":0,"parent":0,"menu_order":3,"comment_status":"closed","ping_status":"closed","template":"sidebar-page.php","meta":{"ngg_post_thumbnail":0,"footnotes":""},"class_list":["post-141","page","type-page","status-publish","hentry"],"translation":{"provider":"WPGlobus","version":"3.0.2","language":"fr","enabled_languages":["en","nl","fr","de","es","it","pl","ru","zh"],"languages":{"en":{"title":false,"content":true,"excerpt":false},"nl":{"title":false,"content":true,"excerpt":false},"fr":{"title":false,"content":true,"excerpt":false},"de":{"title":false,"content":true,"excerpt":false},"es":{"title":false,"content":true,"excerpt":false},"it":{"title":false,"content":true,"excerpt":false},"pl":{"title":false,"content":true,"excerpt":false},"ru":{"title":false,"content":true,"excerpt":false},"zh":{"title":false,"content":true,"excerpt":false}}},"aioseo_notices":[],"_links":{"self":[{"href":"https:\/\/zippole.com\/fr\/wp-json\/wp\/v2\/pages\/141","targetHints":{"allow":["GET"]}}],"collection":[{"href":"https:\/\/zippole.com\/fr\/wp-json\/wp\/v2\/pages"}],"about":[{"href":"https:\/\/zippole.com\/fr\/wp-json\/wp\/v2\/types\/page"}],"author":[{"embeddable":true,"href":"https:\/\/zippole.com\/fr\/wp-json\/wp\/v2\/users\/1"}],"replies":[{"embeddable":true,"href":"https:\/\/zippole.com\/fr\/wp-json\/wp\/v2\/comments?post=141"}],"version-history":[{"count":45,"href":"https:\/\/zippole.com\/fr\/wp-json\/wp\/v2\/pages\/141\/revisions"}],"predecessor-version":[{"id":2764,"href":"https:\/\/zippole.com\/fr\/wp-json\/wp\/v2\/pages\/141\/revisions\/2764"}],"wp:attachment":[{"href":"https:\/\/zippole.com\/fr\/wp-json\/wp\/v2\/media?parent=141"}],"curies":[{"name":"wp","href":"https:\/\/api.w.org\/{rel}","templated":true}]}}