{"id":127,"date":"2015-08-28T16:15:10","date_gmt":"2015-08-28T13:15:10","guid":{"rendered":"http:\/\/localhost\/zippole\/?page_id=127"},"modified":"2024-06-19T16:31:56","modified_gmt":"2024-06-19T13:31:56","slug":"why-creating-forgiving-roadsides","status":"publish","type":"page","link":"https:\/\/zippole.com\/fr\/","title":{"rendered":""},"content":{"rendered":"<h1 style=\"text-align: justify;\"><\/h1>\n<p><iframe loading=\"lazy\" width=\"560\" height=\"315\" src=\"https:\/\/www.youtube.com\/embed\/N_H59ElO3OY?autoplay=1&#038;rel=0\" frameborder=\"0\" allow=\"accelerometer; autoplay; encrypted-media; gyroscope; picture-in-picture\" allowfullscreen><\/iframe><\/p>\n<p>&nbsp;<\/p>\n<p><strong>ZIPpole, le m\u00e2t \u00e0 s\u00e9curit\u00e9 passive<\/strong><\/p>\n<p dir=\"ltr\" style=\"text-align: justify;\" align=\"left\"><span lang=\"FR-BE\" style=\"color: #ff0000;\">Dans le monde entier, des gens se tuent en entrant en collision avec l&#8217;infrastructure routi\u00e8re. Cela ne devrait pas \u00eatre le cas&#8230;<\/span><\/p>\n<p style=\"text-align: justify;\"><span lang=\"FR-BE\">En cas de collision, une colonne se d\u00e9place \u00e0 peine, arr\u00eate le v\u00e9hicule d&#8217;une mani\u00e8re tellement abrupte et sur une distance tellement courte qu&#8217;un impact n\u00e9gatif ne peut pas \u00eatre \u00e9vit\u00e9 sur le corps humain.<\/span><\/p>\n<p>Le ZIPpole permet de sauver des vies. En cas d\u2019impact, la forme conique solide se transforme en ruban doux. Alors que le poteau se courbe, la vitesse du v\u00e9hicule diminue proportionnellement.<\/p>\n<p>Les ZIPpoles sont les m\u00e2ts d\u2019absorption d\u2019\u00e9nergie les plus s\u00e9curis\u00e9es, approuv\u00e9es CE conform\u00e9ment aux normes EN40, EN12899 et EN12767.<\/p>\n<p>&nbsp;<\/p>\n<p><iframe loading=\"lazy\" title=\"car crash into safe pole and rigid pole\" width=\"584\" height=\"438\" src=\"https:\/\/www.youtube.com\/embed\/Zrrm7Sr0Lpo?feature=oembed\" frameborder=\"0\" allow=\"accelerometer; autoplay; clipboard-write; encrypted-media; gyroscope; picture-in-picture; web-share\" referrerpolicy=\"strict-origin-when-cross-origin\" allowfullscreen><\/iframe><\/p>\n<p style=\"text-align: center;\"><strong><span style=\"color: #ff0000;\">Live crash contre ZIPpole<\/span><\/strong><\/p>\n<p><iframe loading=\"lazy\" title=\"ZIPpole on Belgian national TV\" width=\"584\" height=\"438\" src=\"https:\/\/www.youtube.com\/embed\/wQ4HyoR1QPg?feature=oembed\" frameborder=\"0\" allow=\"accelerometer; autoplay; clipboard-write; encrypted-media; gyroscope; picture-in-picture; web-share\" referrerpolicy=\"strict-origin-when-cross-origin\" allowfullscreen><\/iframe><\/p>\n<p style=\"text-align: justify;\">Touring est une organisation belge qui conseille le gouvernement de am\u00e9liorer la s\u00e9curit\u00e9 routi\u00e8re<\/p>\n<p style=\"text-align: justify;\">Danny Smagghe: Touring<br \/>\nKoen Maes: Crash pilote\u00a0et fils d&#8217;Albert Maes, le directeur\u00a0de Safety Product<\/p>\n","protected":false},"excerpt":{"rendered":"<p>&nbsp; ZIPpole, le m\u00e2t \u00e0 s\u00e9curit\u00e9 passive Dans le monde entier, des gens se tuent en entrant en collision avec l&#8217;infrastructure routi\u00e8re. Cela ne devrait pas \u00eatre le cas&#8230; En cas de collision, une colonne se d\u00e9place \u00e0 peine, arr\u00eate &hellip; <a href=\"https:\/\/zippole.com\/fr\/\">Continue reading <span class=\"meta-nav\">&rarr;<\/span><\/a><\/p>\n","protected":false},"author":1,"featured_media":0,"parent":0,"menu_order":0,"comment_status":"closed","ping_status":"closed","template":"sidebar-page.php","meta":{"ngg_post_thumbnail":0,"footnotes":""},"class_list":["post-127","page","type-page","status-publish","hentry"],"translation":{"provider":"WPGlobus","version":"3.0.2","language":"fr","enabled_languages":["en","nl","fr","de","es","it","pl","ru","zh"],"languages":{"en":{"title":false,"content":true,"excerpt":false},"nl":{"title":false,"content":true,"excerpt":false},"fr":{"title":false,"content":true,"excerpt":false},"de":{"title":false,"content":true,"excerpt":false},"es":{"title":false,"content":true,"excerpt":false},"it":{"title":false,"content":true,"excerpt":false},"pl":{"title":false,"content":true,"excerpt":false},"ru":{"title":false,"content":true,"excerpt":false},"zh":{"title":false,"content":true,"excerpt":false}}},"aioseo_notices":[],"_links":{"self":[{"href":"https:\/\/zippole.com\/fr\/wp-json\/wp\/v2\/pages\/127","targetHints":{"allow":["GET"]}}],"collection":[{"href":"https:\/\/zippole.com\/fr\/wp-json\/wp\/v2\/pages"}],"about":[{"href":"https:\/\/zippole.com\/fr\/wp-json\/wp\/v2\/types\/page"}],"author":[{"embeddable":true,"href":"https:\/\/zippole.com\/fr\/wp-json\/wp\/v2\/users\/1"}],"replies":[{"embeddable":true,"href":"https:\/\/zippole.com\/fr\/wp-json\/wp\/v2\/comments?post=127"}],"version-history":[{"count":67,"href":"https:\/\/zippole.com\/fr\/wp-json\/wp\/v2\/pages\/127\/revisions"}],"predecessor-version":[{"id":2690,"href":"https:\/\/zippole.com\/fr\/wp-json\/wp\/v2\/pages\/127\/revisions\/2690"}],"wp:attachment":[{"href":"https:\/\/zippole.com\/fr\/wp-json\/wp\/v2\/media?parent=127"}],"curies":[{"name":"wp","href":"https:\/\/api.w.org\/{rel}","templated":true}]}}