{"id":50,"date":"2015-08-24T11:10:45","date_gmt":"2015-08-24T08:10:45","guid":{"rendered":"http:\/\/localhost\/zippole\/?page_id=50"},"modified":"2020-05-08T17:36:10","modified_gmt":"2020-05-08T14:36:10","slug":"company","status":"publish","type":"page","link":"https:\/\/zippole.com\/es\/company","title":{"rendered":""},"content":{"rendered":"<p>Dentro de Safety Product, somos una mezcla de diferentes personas que desean combinar las m\u00e1s recientes tecnolog\u00edas, econom\u00edas, \u00e9ticas, necesidades de mercado y responsabilidad medioambiental, para crear nuevos productos de alta calidad.<\/p>\n<p>Safety Product lanza el producto ZIPpole como un poste de alumbrado con el beneficio adicional de ser pasivamente seguro.<br \/>\nMediante la innovaci\u00f3n hemos logrado redise\u00f1ar un producto com\u00fanmente utilizado para convertirse en una soluci\u00f3n que se ajusta a la sociedad actual, en la cual el tr\u00e1fico, las carreteras y sus usuarios est\u00e1n cada vez m\u00e1s atochadas, a menudo con graves consecuencias.<\/p>\n<p style=\"text-align: center;\"><a href=\"http:\/\/zippole.com\/wp-content\/uploads\/2015\/09\/Productie1-kl-e1441113918153.png\"><img loading=\"lazy\" decoding=\"async\" class=\"alignnone size-medium wp-image-340\" src=\"http:\/\/zippole.com\/wp-content\/uploads\/2015\/09\/Productie1-kl-300x186.png\" alt=\"\" width=\"300\" height=\"186\" \/><\/a><\/p>\n<p><strong>Nos hab\u00edamos propuesto diversos objetivos:<\/strong><\/p>\n<p><strong>Dise\u00f1ar <\/strong>una bella luminaria p\u00fablica, para todo de aplicaciones luminosas.<\/p>\n<p><strong>Desarrollar\u00a0 un poste de alumbrado<\/strong> pero que fuera seguro. Cometer un error en el tr\u00e1fico destruyendo infraestructura de carreteras, no deber\u00eda ser castigado con graves lesiones.<\/p>\n<p><strong>Inventar un producto <\/strong>que fuera <strong>ecol\u00f3gicamente \u00a0m\u00e1s amigable<\/strong>, con una huella de carbono m\u00e1s liviana.<\/p>\n<p><strong>Construir una l\u00ednea de producci\u00f3n autom\u00e1tica<\/strong> para lograr altos vol\u00famenes de producci\u00f3n, lo que resulta en buenos precios.\u00a0Safety Product ha logrado todos estos objetivos y lanza su producto ZIPpole. Invertimos en una l\u00ednea de producci\u00f3n autom\u00e1tica en B\u00e9lgica, con una capacidad de 90.000 ZIPpoles al a\u00f1o.<\/p>\n<h2 class=\"art-postheader\">Personas &#8211; Planeta &#8211; Durabilidad<\/h2>\n<div class=\"art-postcontent\">\n<div class=\"art-article\">\n<p dir=\"ltr\"><strong><span style=\"color: #ff0000; font-family: Arial; font-size: large;\"><span lang=\"EN\">P<\/span><\/span><span style=\"font-family: Arial; font-size: large;\"><span lang=\"EN\">ersonas<\/span><\/span><\/strong><span lang=\"EN\"><span style=\"font-family: Arial; font-size: small;\">: <\/span><\/span><br \/>\n<span lang=\"EN\"><span style=\"font-family: Arial; font-size: small;\">Este poste de acero pasivamente seguro cede ante el impacto y va a disminuir la velocidad del veh\u00edculo transfiriendo la energ\u00eda latente lejos de los ocupantes. De esta manera, se reduce enormemente el riesgo de lesiones personales y\/o fatales.<\/span><\/span><\/p>\n<p dir=\"ltr\" align=\"justify\">\u00a0<strong><span style=\"color: #ff0000; font-family: Arial; font-size: large;\"><span style=\"color: #ff0000; font-family: Arial; font-size: large;\"><span style=\"color: #ff0000; font-family: Arial; font-size: large;\"><span lang=\"EN\">P<\/span><\/span><\/span><\/span><span style=\"font-family: Arial; font-size: large;\"><span style=\"font-family: Arial; font-size: large;\"><span style=\"font-family: Arial; font-size: large;\"><span lang=\"EN\">laneta<\/span><\/span><\/span><\/span><\/strong><span lang=\"EN\"><span style=\"font-family: Arial; font-size: small;\"><span style=\"font-family: Arial; font-size: small;\">:<br \/>\n<span style=\"font-family: Arial; font-size: small;\"><span style=\"font-family: Arial; font-size: small;\"><span lang=\"EN\">&#8211; se puede reciclar el acero (cradle-to-cradle) [de la cuna a la cuna].<br \/>\n&#8211; se utiliza un 50% menos de acero debido a la composici\u00f3n del acero<\/span><\/span><\/span><span style=\"font-family: Arial; font-size: small;\"><span style=\"font-family: Arial; font-size: small;\"><span lang=\"EN\">.<\/span><\/span><\/span><br \/>\n<span style=\"font-family: Arial; font-size: small;\"><span style=\"font-family: Arial; font-size: small;\"><span lang=\"EN\">&#8211; proceso de producci\u00f3n de baja emisi\u00f3n utilizado en el proceso de producci\u00f3n automatizada debido a que no existen soldaduras<\/span><\/span><\/span><span style=\"font-family: Arial; font-size: small;\"><span style=\"font-family: Arial; font-size: small;\"><span lang=\"EN\">.<\/span><\/span><\/span><\/span><\/span><\/span><\/p>\n<p dir=\"ltr\">\u00a0<span lang=\"EN\"><span style=\"font-family: Arial; font-size: small;\"><span style=\"font-family: Arial; font-size: small;\"><span style=\"font-family: Arial; font-size: small;\"><span style=\"font-family: Arial; font-size: small;\"><span lang=\"EN\"><strong><span style=\"font-size: large;\"><span style=\"font-family: Arial;\"><span lang=\"EN\"><span style=\"color: #ff0000;\">D<\/span>urabilidad<\/span><\/span><\/span><\/strong><span lang=\"EN\"><span style=\"font-size: small;\"><span style=\"font-family: Arial; font-size: small;\">: <\/span><\/span><\/span><br \/>\n<span lang=\"EN\">El grosor del acero se ha reducido a 2mm especificando un grado de acero de alta tracci\u00f3n. La utilizaci\u00f3n de una menor cantidad de material en un proceso de producci\u00f3n automatizado asegura una fijaci\u00f3n de precios competitiva para este nivel de innovaci\u00f3n y entrega de aplicaci\u00f3n.<\/span><\/span><\/span><\/span><\/span><\/span><\/span><\/p>\n<\/div>\n<\/div>\n","protected":false},"excerpt":{"rendered":"<p>Dentro de Safety Product, somos una mezcla de diferentes personas que desean combinar las m\u00e1s recientes tecnolog\u00edas, econom\u00edas, \u00e9ticas, necesidades de mercado y responsabilidad medioambiental, para crear nuevos productos de alta calidad. Safety Product lanza el producto ZIPpole como un &hellip; <a href=\"https:\/\/zippole.com\/es\/company\">Continue reading <span class=\"meta-nav\">&rarr;<\/span><\/a><\/p>\n","protected":false},"author":1,"featured_media":0,"parent":0,"menu_order":2,"comment_status":"closed","ping_status":"closed","template":"sidebar-page.php","meta":{"ngg_post_thumbnail":0,"footnotes":""},"class_list":["post-50","page","type-page","status-publish","hentry"],"translation":{"provider":"WPGlobus","version":"3.0.2","language":"es","enabled_languages":["en","nl","fr","de","es","it","pl","ru","zh"],"languages":{"en":{"title":false,"content":true,"excerpt":false},"nl":{"title":false,"content":true,"excerpt":false},"fr":{"title":false,"content":true,"excerpt":false},"de":{"title":false,"content":true,"excerpt":false},"es":{"title":false,"content":true,"excerpt":false},"it":{"title":false,"content":true,"excerpt":false},"pl":{"title":false,"content":true,"excerpt":false},"ru":{"title":false,"content":true,"excerpt":false},"zh":{"title":false,"content":true,"excerpt":false}}},"aioseo_notices":[],"_links":{"self":[{"href":"https:\/\/zippole.com\/es\/wp-json\/wp\/v2\/pages\/50","targetHints":{"allow":["GET"]}}],"collection":[{"href":"https:\/\/zippole.com\/es\/wp-json\/wp\/v2\/pages"}],"about":[{"href":"https:\/\/zippole.com\/es\/wp-json\/wp\/v2\/types\/page"}],"author":[{"embeddable":true,"href":"https:\/\/zippole.com\/es\/wp-json\/wp\/v2\/users\/1"}],"replies":[{"embeddable":true,"href":"https:\/\/zippole.com\/es\/wp-json\/wp\/v2\/comments?post=50"}],"version-history":[{"count":25,"href":"https:\/\/zippole.com\/es\/wp-json\/wp\/v2\/pages\/50\/revisions"}],"predecessor-version":[{"id":2160,"href":"https:\/\/zippole.com\/es\/wp-json\/wp\/v2\/pages\/50\/revisions\/2160"}],"wp:attachment":[{"href":"https:\/\/zippole.com\/es\/wp-json\/wp\/v2\/media?parent=50"}],"curies":[{"name":"wp","href":"https:\/\/api.w.org\/{rel}","templated":true}]}}