{"id":127,"date":"2015-08-28T16:15:10","date_gmt":"2015-08-28T13:15:10","guid":{"rendered":"http:\/\/localhost\/zippole\/?page_id=127"},"modified":"2024-06-19T16:31:56","modified_gmt":"2024-06-19T13:31:56","slug":"why-creating-forgiving-roadsides","status":"publish","type":"page","link":"https:\/\/zippole.com\/es\/","title":{"rendered":""},"content":{"rendered":"<p style=\"text-align: justify;\"><strong>ZIPpole, columna pasiva, segura<\/strong><\/p>\n<p><iframe loading=\"lazy\" width=\"560\" height=\"315\" src=\"https:\/\/www.youtube.com\/embed\/N_H59ElO3OY?autoplay=1&#038;rel=0\" frameborder=\"0\" allow=\"accelerometer; autoplay; encrypted-media; gyroscope; picture-in-picture\" allowfullscreen><\/iframe><\/p>\n<p>&nbsp;<\/p>\n<p style=\"text-align: justify;\"><span style=\"color: #ff0000;\">En todas partes del mundo, hay gente que se muere por impactar en las infraestructuras de carreteras. Y esto no deber\u00eda ser as\u00ed&#8230;<\/span><\/p>\n<p style=\"text-align: justify;\">En caso de una colisi\u00f3n, una columna apenas se mueve, lo que provoca que el veh\u00edculo se detenga tan abruptamente y en una distancia tan corta, que es imposible evitar un impacto negativo en el cuerpo humano.<\/p>\n<p style=\"text-align: justify;\">La columna de seguridad pasiva ZIPpole salva vidas. En caso de un impacto, la s\u00f3lida forma c\u00f3nica se convierte en una suave banda. Mientras que el poste cede, la velocidad del veh\u00edculo va disminuyendo gradualmente.<\/p>\n<p style=\"text-align: justify;\">ZIPpoles son las columnas de absorci\u00f3n de energ\u00eda m\u00e1s seguras, cuentan con la aprobaci\u00f3n CE de acuerdo con las normas EN40, EN12899 y EN12767.<\/p>\n<p><iframe loading=\"lazy\" title=\"car crash into safe pole and rigid pole\" width=\"584\" height=\"438\" src=\"https:\/\/www.youtube.com\/embed\/Zrrm7Sr0Lpo?feature=oembed\" frameborder=\"0\" allow=\"accelerometer; autoplay; clipboard-write; encrypted-media; gyroscope; picture-in-picture; web-share\" referrerpolicy=\"strict-origin-when-cross-origin\" allowfullscreen><\/iframe><\/p>\n<p style=\"text-align: center;\"><strong><span style=\"color: #ff0000;\">Live crash into a ZIPpole on the national news<\/span><\/strong><\/p>\n<p><iframe loading=\"lazy\" title=\"ZIPpole on Belgian national TV\" width=\"584\" height=\"438\" src=\"https:\/\/www.youtube.com\/embed\/wQ4HyoR1QPg?feature=oembed\" frameborder=\"0\" allow=\"accelerometer; autoplay; clipboard-write; encrypted-media; gyroscope; picture-in-picture; web-share\" referrerpolicy=\"strict-origin-when-cross-origin\" allowfullscreen><\/iframe><\/p>\n<p style=\"text-align: justify;\">Touring is the Belgian automobile club taking care of roadusers. Improving traffic safety is not only educating drivers and designing safe cars but also creating safe roads and \u201cforgiving\u201d roadsides.<\/p>\n<p style=\"text-align: justify;\">Danny Smagghe: Touring<br \/>\nKoen Maes: Crash pilot and son of Albert Maes, the director of Safety Product<\/p>\n","protected":false},"excerpt":{"rendered":"<p>ZIPpole, columna pasiva, segura &nbsp; En todas partes del mundo, hay gente que se muere por impactar en las infraestructuras de carreteras. Y esto no deber\u00eda ser as\u00ed&#8230; En caso de una colisi\u00f3n, una columna apenas se mueve, lo que &hellip; <a href=\"https:\/\/zippole.com\/es\/\">Continue reading <span class=\"meta-nav\">&rarr;<\/span><\/a><\/p>\n","protected":false},"author":1,"featured_media":0,"parent":0,"menu_order":0,"comment_status":"closed","ping_status":"closed","template":"sidebar-page.php","meta":{"ngg_post_thumbnail":0,"footnotes":""},"class_list":["post-127","page","type-page","status-publish","hentry"],"translation":{"provider":"WPGlobus","version":"3.0.2","language":"es","enabled_languages":["en","nl","fr","de","es","it","pl","ru","zh"],"languages":{"en":{"title":false,"content":true,"excerpt":false},"nl":{"title":false,"content":true,"excerpt":false},"fr":{"title":false,"content":true,"excerpt":false},"de":{"title":false,"content":true,"excerpt":false},"es":{"title":false,"content":true,"excerpt":false},"it":{"title":false,"content":true,"excerpt":false},"pl":{"title":false,"content":true,"excerpt":false},"ru":{"title":false,"content":true,"excerpt":false},"zh":{"title":false,"content":true,"excerpt":false}}},"aioseo_notices":[],"_links":{"self":[{"href":"https:\/\/zippole.com\/es\/wp-json\/wp\/v2\/pages\/127","targetHints":{"allow":["GET"]}}],"collection":[{"href":"https:\/\/zippole.com\/es\/wp-json\/wp\/v2\/pages"}],"about":[{"href":"https:\/\/zippole.com\/es\/wp-json\/wp\/v2\/types\/page"}],"author":[{"embeddable":true,"href":"https:\/\/zippole.com\/es\/wp-json\/wp\/v2\/users\/1"}],"replies":[{"embeddable":true,"href":"https:\/\/zippole.com\/es\/wp-json\/wp\/v2\/comments?post=127"}],"version-history":[{"count":67,"href":"https:\/\/zippole.com\/es\/wp-json\/wp\/v2\/pages\/127\/revisions"}],"predecessor-version":[{"id":2690,"href":"https:\/\/zippole.com\/es\/wp-json\/wp\/v2\/pages\/127\/revisions\/2690"}],"wp:attachment":[{"href":"https:\/\/zippole.com\/es\/wp-json\/wp\/v2\/media?parent=127"}],"curies":[{"name":"wp","href":"https:\/\/api.w.org\/{rel}","templated":true}]}}