{"id":50,"date":"2015-08-24T11:10:45","date_gmt":"2015-08-24T08:10:45","guid":{"rendered":"http:\/\/localhost\/zippole\/?page_id=50"},"modified":"2020-05-08T17:36:10","modified_gmt":"2020-05-08T14:36:10","slug":"company","status":"publish","type":"page","link":"https:\/\/zippole.com\/de\/company","title":{"rendered":""},"content":{"rendered":"<p style=\"text-align: justify;\">Bei Safety Product sind wir eine Mischung verschiedener Menschen, die die neusten Technologien, wirtschaftliche Gegebenheiten, Ethiken, Marktbed\u00fcrfnisse und Umweltverantwortlichkeiten kombinieren m\u00f6chten um hochwertige neue Produkte zu schaffen..<\/p>\n<p style=\"text-align: justify;\">Safety Product f\u00fchrt den ZIPpole als Lichtmast ein, mit den zus\u00e4tzlichen Vorteil dass er passiv sicher ist.<br \/>\nIndem wir innovativ sind, haben wir ein allgemein verwendeten Produkt erfolgreich umgestaltet und eine L\u00f6sung erhalten, die in die aktuelle Gesellschaft passt, wo Verkehr, die Stra\u00dfen und ihre Anwender immer hektischer werden, was oft negative Folgen hat.<\/p>\n<p style=\"text-align: center;\"><a href=\"http:\/\/zippole.com\/wp-content\/uploads\/2015\/09\/Productie1-kl-e1441113918153.png\"><img loading=\"lazy\" decoding=\"async\" class=\"alignnone size-medium wp-image-340\" src=\"http:\/\/zippole.com\/wp-content\/uploads\/2015\/09\/Productie1-kl-300x186.png\" alt=\"\" width=\"300\" height=\"186\" \/><\/a><\/p>\n<p style=\"text-align: justify;\"><strong>Wir stellen uns selbst verschiedene Ziele:<\/strong><\/p>\n<p style=\"text-align: justify;\"><strong>Entwicklung <\/strong>gut aussehender \u00f6ffentlicher Beleuchtung f\u00fcr die unterschiedlichsten Arten der Beleuchtungsanwendungen.<\/p>\n<p style=\"text-align: justify;\"><strong>Entwicklung eines Lichtmasts,<\/strong> der au\u00dferdem noch sicher ist. Wenn man einen Fehler im Verkehr macht und einen Zusammensto\u00df mit der Stra\u00dfeninfrastruktur hat, sollte das nicht mit schweren Verletzungen bestraft werden.<\/p>\n<p style=\"text-align: justify;\"><strong>Ein Produkt erfinden,<\/strong> das <strong>umweltfreundlicher <\/strong>ist und einen gesunden Carbon Footprint hat.<\/p>\n<p style=\"text-align: justify;\"><strong>Bau einer automatischen Produktionsstra\u00dfe <\/strong>zum Erreichen hoher Produktionsmengen, was gute Preise ergibt.Safety Product hat diese Ziele erf\u00fcllt und den ZIPpole eingef\u00fchrt. Wir haben in eine automatisierte Produktionsstra\u00dfe in Belgien mit einer Kapazit\u00e4t von 90.000 ZIPpoles pro Jahr .<\/p>\n<h2 class=\"art-postheader\" style=\"text-align: justify;\">Nachhaltigkeit<\/h2>\n<div class=\"art-postcontent\">\n<div class=\"art-article\">\n<p dir=\"ltr\" style=\"text-align: justify;\" align=\"justify\"><strong><span style=\"color: #ff0000; font-family: Arial; font-size: large;\"><span lang=\"EN\">M<\/span><\/span><span style=\"font-family: Arial; font-size: large;\"><span lang=\"EN\">enschen<\/span><\/span><span lang=\"EN\"><span style=\"font-family: Arial; font-size: small;\">: <\/span><\/span><\/strong><br \/>\n<span lang=\"EN\"><span style=\"font-family: Arial; font-size: small;\">Dieser passive Sicherheitsstahlpfeiler biegt sich beim Aufprall und bremst das Fahrzeug durch Ableitung der latenten Energie von den Insassen ab. Das Risiko auf K\u00f6rperverletzung oder Todesopfer wird stark vermindert.<\/span><\/span><\/p>\n<p dir=\"ltr\" style=\"text-align: justify;\" align=\"justify\">\u00a0<strong><span style=\"color: #ff0000; font-family: Arial; font-size: large;\"><span style=\"color: #ff0000; font-family: Arial; font-size: large;\"><span style=\"color: #ff0000; font-family: Arial; font-size: large;\"><span lang=\"EN\">P<\/span><\/span><\/span><\/span><span style=\"font-family: Arial; font-size: large;\"><span style=\"font-family: Arial; font-size: large;\"><span style=\"font-family: Arial; font-size: large;\"><span lang=\"EN\">lanet<\/span><\/span><\/span><\/span><\/strong><span lang=\"EN\"><span style=\"font-family: Arial; font-size: small;\"><span style=\"font-family: Arial; font-size: small;\"><strong>:<\/strong><br \/>\n<span style=\"font-family: Arial; font-size: small;\"><span style=\"font-family: Arial; font-size: small;\"><span lang=\"EN\">&#8211; Stahl kann nach dem Prinzip \u201cCradle-to-cradle\u201d recycelt werden<br \/>\n&#8211; bei der Zusammensetzung des Stahls wird 50% weniger Stahl verwendet<\/span><\/span><\/span><br \/>\n<span style=\"font-family: Arial; font-size: small;\"><span style=\"font-family: Arial; font-size: small;\"><span lang=\"EN\">&#8211; geringe Emission beim Produktionsprozess dank automatisierter Produktion ohne Schwei\u00dfen<\/span><\/span><\/span><span style=\"font-family: Arial; font-size: small;\"><span style=\"font-family: Arial; font-size: small;\"><span lang=\"EN\">.<\/span><\/span><\/span><\/span><\/span><\/span><\/p>\n<p dir=\"ltr\" style=\"text-align: justify;\">\u00a0<span lang=\"EN\"><span style=\"font-family: Arial; font-size: small;\"><span style=\"font-family: Arial; font-size: small;\"><span style=\"font-family: Arial; font-size: small;\"><span style=\"font-family: Arial; font-size: small;\"><span lang=\"EN\"><strong><span style=\"font-size: large;\"><span style=\"font-family: Arial;\"><span lang=\"EN\"><span style=\"color: #ff0000;\">P<\/span>rofi<\/span><span lang=\"EN\">t<\/span><\/span><\/span><span lang=\"EN\"><span style=\"font-size: small;\"><span style=\"font-family: Arial; font-size: small;\">: <\/span><\/span><\/span><\/strong><br \/>\n<span lang=\"EN\">Durch Verwendung von hochfestem Stahl ist die Dicke des Stahls auf 2 mm beschr\u00e4nkt. In einem automatisierten Produktionsprozess wird weniger Material verwendet, was eine konkurrenzf\u00e4hige Preisgestaltung f\u00fcr dieses Innovationsniveau und die Anwendung gew\u00e4hrleistet.<\/span><\/span><\/span><\/span><\/span><\/span><\/span><\/p>\n<\/div>\n<\/div>\n","protected":false},"excerpt":{"rendered":"<p>Bei Safety Product sind wir eine Mischung verschiedener Menschen, die die neusten Technologien, wirtschaftliche Gegebenheiten, Ethiken, Marktbed\u00fcrfnisse und Umweltverantwortlichkeiten kombinieren m\u00f6chten um hochwertige neue Produkte zu schaffen.. Safety Product f\u00fchrt den ZIPpole als Lichtmast ein, mit den zus\u00e4tzlichen Vorteil dass &hellip; <a href=\"https:\/\/zippole.com\/de\/company\">Continue reading <span class=\"meta-nav\">&rarr;<\/span><\/a><\/p>\n","protected":false},"author":1,"featured_media":0,"parent":0,"menu_order":2,"comment_status":"closed","ping_status":"closed","template":"sidebar-page.php","meta":{"ngg_post_thumbnail":0,"footnotes":""},"class_list":["post-50","page","type-page","status-publish","hentry"],"translation":{"provider":"WPGlobus","version":"3.0.2","language":"de","enabled_languages":["en","nl","fr","de","es","it","pl","ru","zh"],"languages":{"en":{"title":false,"content":true,"excerpt":false},"nl":{"title":false,"content":true,"excerpt":false},"fr":{"title":false,"content":true,"excerpt":false},"de":{"title":false,"content":true,"excerpt":false},"es":{"title":false,"content":true,"excerpt":false},"it":{"title":false,"content":true,"excerpt":false},"pl":{"title":false,"content":true,"excerpt":false},"ru":{"title":false,"content":true,"excerpt":false},"zh":{"title":false,"content":true,"excerpt":false}}},"aioseo_notices":[],"_links":{"self":[{"href":"https:\/\/zippole.com\/de\/wp-json\/wp\/v2\/pages\/50","targetHints":{"allow":["GET"]}}],"collection":[{"href":"https:\/\/zippole.com\/de\/wp-json\/wp\/v2\/pages"}],"about":[{"href":"https:\/\/zippole.com\/de\/wp-json\/wp\/v2\/types\/page"}],"author":[{"embeddable":true,"href":"https:\/\/zippole.com\/de\/wp-json\/wp\/v2\/users\/1"}],"replies":[{"embeddable":true,"href":"https:\/\/zippole.com\/de\/wp-json\/wp\/v2\/comments?post=50"}],"version-history":[{"count":25,"href":"https:\/\/zippole.com\/de\/wp-json\/wp\/v2\/pages\/50\/revisions"}],"predecessor-version":[{"id":2160,"href":"https:\/\/zippole.com\/de\/wp-json\/wp\/v2\/pages\/50\/revisions\/2160"}],"wp:attachment":[{"href":"https:\/\/zippole.com\/de\/wp-json\/wp\/v2\/media?parent=50"}],"curies":[{"name":"wp","href":"https:\/\/api.w.org\/{rel}","templated":true}]}}