{"id":2491,"date":"2023-08-01T13:18:46","date_gmt":"2023-08-01T10:18:46","guid":{"rendered":"https:\/\/zippole.com\/?page_id=2491"},"modified":"2023-08-01T13:18:13","modified_gmt":"2023-08-01T10:18:13","slug":"research","status":"publish","type":"page","link":"https:\/\/zippole.com\/de\/research","title":{"rendered":"Studie"},"content":{"rendered":"<p>Wissenschaftliche Untersuchung \u00fcber den Einfluss von HE oder hoch energieabsorbierenden Masten gem\u00e4\u00df EN12767 auf die Unfallschwere bei Stra\u00dfenunf\u00e4llen in Belgien!<\/p>\n<p>Wir wissen, dass unsere ZIPpoles Leben retten. Wir erhalten viele Bilder und Berichte \u00fcber Unf\u00e4lle im wirklichen Leben.<br \/>\nEs gibt jedoch noch keine wissenschaftliche Studie, die die Auswirkungen von passiven Sicherheitsmasten auf Strassenverkehrsunf\u00e4lle in Belgien untersucht hat.<\/p>\n<p>Im Jahr 2021 begannen LNEC und VIAS mit der Entwicklung einer Studie zur Untersuchung des Einflusses von hoch energieabsorbierenden passiven Sicherheitsmasten auf die Schwere von Unf\u00e4llen auf der Stra\u00dfe in Belgien. Safety Product nv hat die Forschung finanziert.<\/p>\n<p>Die Ergebnisse dieser Studie belegen, dass hoch energieabsorbierende passive Sicherheitsstangen (gem\u00e4\u00df EN 12767 HE) zu leichteren Verletzungen beitragen. Die Studie zeigt auch, wie wichtig es ist, abbiegende Fahrzeuge vor herk\u00f6mmlichen Masten zu sch\u00fctzen, da diese mit schweren Verletzungen verbunden sind.<\/p>\n<p><a href=\"https:\/\/zippole.com\/wp-content\/uploads\/2023\/08\/study-on-the-influence-of-he-passive-safe-poles-in-ror-crash-severity-lnec-vias-june-2023-pdf.pdf\" rel=\"noopener\" target=\"_blank\">Laden Sie den vollst\u00e4ndigen Bericht herunter<\/a><\/p>\n<p>Ver\u00f6ffentlicht im Journal of Safety Research, Oktober 2024.<\/p>\n","protected":false},"excerpt":{"rendered":"<p>Wissenschaftliche Untersuchung \u00fcber den Einfluss von HE oder hoch energieabsorbierenden Masten gem\u00e4\u00df EN12767 auf die Unfallschwere bei Stra\u00dfenunf\u00e4llen in Belgien! Wir wissen, dass unsere ZIPpoles Leben retten. Wir erhalten viele Bilder und Berichte \u00fcber Unf\u00e4lle im wirklichen Leben. Es gibt &hellip; <a href=\"https:\/\/zippole.com\/de\/research\">Continue reading <span class=\"meta-nav\">&rarr;<\/span><\/a><\/p>\n","protected":false},"author":1,"featured_media":0,"parent":0,"menu_order":0,"comment_status":"closed","ping_status":"closed","template":"","meta":{"ngg_post_thumbnail":0,"footnotes":""},"class_list":["post-2491","page","type-page","status-publish","hentry"],"translation":{"provider":"WPGlobus","version":"3.0.2","language":"de","enabled_languages":["en","nl","fr","de","es","it","pl","ru","zh"],"languages":{"en":{"title":true,"content":true,"excerpt":false},"nl":{"title":true,"content":true,"excerpt":false},"fr":{"title":true,"content":true,"excerpt":false},"de":{"title":true,"content":true,"excerpt":false},"es":{"title":true,"content":true,"excerpt":false},"it":{"title":true,"content":true,"excerpt":false},"pl":{"title":true,"content":true,"excerpt":false},"ru":{"title":true,"content":true,"excerpt":false},"zh":{"title":true,"content":true,"excerpt":false}}},"aioseo_notices":[],"_links":{"self":[{"href":"https:\/\/zippole.com\/de\/wp-json\/wp\/v2\/pages\/2491","targetHints":{"allow":["GET"]}}],"collection":[{"href":"https:\/\/zippole.com\/de\/wp-json\/wp\/v2\/pages"}],"about":[{"href":"https:\/\/zippole.com\/de\/wp-json\/wp\/v2\/types\/page"}],"author":[{"embeddable":true,"href":"https:\/\/zippole.com\/de\/wp-json\/wp\/v2\/users\/1"}],"replies":[{"embeddable":true,"href":"https:\/\/zippole.com\/de\/wp-json\/wp\/v2\/comments?post=2491"}],"version-history":[{"count":12,"href":"https:\/\/zippole.com\/de\/wp-json\/wp\/v2\/pages\/2491\/revisions"}],"predecessor-version":[{"id":2714,"href":"https:\/\/zippole.com\/de\/wp-json\/wp\/v2\/pages\/2491\/revisions\/2714"}],"wp:attachment":[{"href":"https:\/\/zippole.com\/de\/wp-json\/wp\/v2\/media?parent=2491"}],"curies":[{"name":"wp","href":"https:\/\/api.w.org\/{rel}","templated":true}]}}